{"id":1119,"date":"2021-04-30T15:58:54","date_gmt":"2021-04-30T13:58:54","guid":{"rendered":"https:\/\/mediasex2020.univ-lille.fr\/?page_id=1119"},"modified":"2021-05-04T19:55:56","modified_gmt":"2021-05-04T17:55:56","slug":"page-test-bouton","status":"publish","type":"page","link":"https:\/\/mediasex2020.univ-lille.fr\/?page_id=1119","title":{"rendered":""},"content":{"rendered":"\n<p class=\"has-text-align-left\">Cette vid\u00e9o contient des \u00e9l\u00e9ments avec du contenu de sexualit\u00e9 explicite. Elle ne convient pas aux personnes mineurs de par son contenu. <\/p>\n\n\n\n<p class=\"has-text-align-left\">Vous devez certifiez que vous \u00eates majeur en cliquant sur le bouton.<\/p>\n\n\n\n<p><button class=\"btn btn-primary btn-lg showVideo\" data-target=\"#myVideo\" onclick=\"getElementById('myVideo').style.display = 'block'\">\n  Je certifie d&rsquo;avoir plus de 18 ans\n<\/button>\n<\/p>\n<div id=\"myVideo\" style=\"display:none\">\n<iframe loading=\"lazy\" src=\"https:\/\/pod.univ-lille.fr\/video\/12586-tutoriel-francais\/?is_iframe=true\" width=\"640\" height=\"360\" style=\"padding: 0; margin: 0; border:0\" allowfullscreen=\"\"><\/iframe><\/div>\n\n\n\n<div class=\"wp-block-buttons is-content-justification-center\"><\/div>\n\n\n<a class=\"maxbutton-1 maxbutton maxbutton-si-vous-certifiez-d-avoir-plus-de-18-ans-cliquez-ici\" href=\"\/?page_id=1136\"><span class='mb-text'>Si vous certifiez d&rsquo;avoir plus de 18 ans, Cliquez ici<\/span><\/a>","protected":false},"excerpt":{"rendered":"<p>Cette vid\u00e9o contient des \u00e9l\u00e9ments avec du contenu de sexualit\u00e9 explicite. Elle ne convient pas aux personnes mineurs de par son contenu. Vous devez certifiez que vous \u00eates majeur en cliquant sur le bouton. Je certifie d&rsquo;avoir plus de 18 ans<\/p>\n","protected":false},"author":1,"featured_media":0,"parent":0,"menu_order":0,"comment_status":"closed","ping_status":"closed","template":"","meta":[],"_links":{"self":[{"href":"https:\/\/mediasex2020.univ-lille.fr\/index.php?rest_route=\/wp\/v2\/pages\/1119"}],"collection":[{"href":"https:\/\/mediasex2020.univ-lille.fr\/index.php?rest_route=\/wp\/v2\/pages"}],"about":[{"href":"https:\/\/mediasex2020.univ-lille.fr\/index.php?rest_route=\/wp\/v2\/types\/page"}],"author":[{"embeddable":true,"href":"https:\/\/mediasex2020.univ-lille.fr\/index.php?rest_route=\/wp\/v2\/users\/1"}],"replies":[{"embeddable":true,"href":"https:\/\/mediasex2020.univ-lille.fr\/index.php?rest_route=%2Fwp%2Fv2%2Fcomments&post=1119"}],"version-history":[{"count":22,"href":"https:\/\/mediasex2020.univ-lille.fr\/index.php?rest_route=\/wp\/v2\/pages\/1119\/revisions"}],"predecessor-version":[{"id":1174,"href":"https:\/\/mediasex2020.univ-lille.fr\/index.php?rest_route=\/wp\/v2\/pages\/1119\/revisions\/1174"}],"wp:attachment":[{"href":"https:\/\/mediasex2020.univ-lille.fr\/index.php?rest_route=%2Fwp%2Fv2%2Fmedia&parent=1119"}],"curies":[{"name":"wp","href":"https:\/\/api.w.org\/{rel}","templated":true}]}}