{"id":123,"date":"2020-10-06T11:30:54","date_gmt":"2020-10-06T09:30:54","guid":{"rendered":"https:\/\/mediasex2020.univ-lille.fr\/?page_id=123"},"modified":"2020-10-09T14:03:20","modified_gmt":"2020-10-09T12:03:20","slug":"the-conference-team","status":"publish","type":"page","link":"https:\/\/mediasex2020.univ-lille.fr\/?page_id=123&lang=en","title":{"rendered":"The conference team"},"content":{"rendered":"\n<p class=\"has-text-align-center has-text-color\" style=\"color:#ff03dd\"><\/p>\n\n\n\n<p><strong>Project coordinators:<\/strong><\/p>\n\n\n\n<p>B\u00e9atrice Damian-Gaillard (Ar\u00e8nes, Universit\u00e9 de Rennes 1)<\/p>\n\n\n\n<p>Florian V\u00f6r\u00f6s (GERiiCO, Universit\u00e9 de Lille)<\/p>\n\n\n\n<p><strong>Organising committee:<\/strong><\/p>\n\n\n\n<p>Juliette Dalbavie (GERiiCO, Universit\u00e9 de Lille)<\/p>\n\n\n\n<p>Marion Dalibert (GERiiCO, Universit\u00e9 de Lille)<\/p>\n\n\n\n<p>Coralie Le Caroff (CERLIS, Universit\u00e9 de Paris)<\/p>\n\n\n\n<p>B\u00e9atrice Micheau (GERiiCO, Universit\u00e9 de Lille)<\/p>\n\n\n\n<p>Steve Hill (Universit\u00e9 de Rennes 1)<\/p>\n\n\n\n<p>Maxime Marie (Universit\u00e9 de Rennes 1)<\/p>\n\n\n\n<p>Sandy Monta\u00f1ola (Ar\u00e8nes, Universit\u00e9 de Rennes 1)<\/p>\n\n\n\n<p>Eug\u00e9nie Saitta (Ar\u00e8nes, Universit\u00e9 de Rennes 1)<\/p>\n\n\n\n<p><strong>Academic advisory board:<\/strong><\/p>\n\n\n\n<p>Marie Bergstr\u00f6m (Institut national d\u2019\u00e9tudes d\u00e9mographiques, France)<\/p>\n\n\n\n<p>Maxime Cervulle (CEMTI, Universit\u00e9 Paris 8, France)<\/p>\n\n\n\n<p>Val\u00e9rie Devillard (CARISM, Universit\u00e9 Paris 2, France)<\/p>\n\n\n\n<p>Katrien Jacobs (Chinese University of Hong Kong, China)<\/p>\n\n\n\n<p>Kylie Jarrett (Maynooth University, Ireland)<\/p>\n\n\n\n<p>St\u00e9phanie Kunert (ELICO, Universit\u00e9 Lyon 2, France)<\/p>\n\n\n\n<p>John Mercer (Birmingham City University, UK)<\/p>\n\n\n\n<p>Elisabeth Mercier (Universit\u00e9 Laval, Canada)<\/p>\n\n\n\n<p>Sharif Mowlabocus (Fordham University, USA)<\/p>\n\n\n\n<p>Susanna Paasonen (Turku University, Finland)<\/p>\n\n\n\n<p>Saul Pandelakis (LLA-CREATIS, Universit\u00e9 Toulouse Jean Jaur\u00e8s, France)<\/p>\n\n\n\n<p>Robert Payne (American University of Paris, France)<\/p>\n\n\n\n<p>Nelly Quemener (IMRECCEN, Universit\u00e9 Sorbonne Nouvelle, France)<\/p>\n\n\n\n<p>Kane Race (University of Sydney, Australia)<\/p>\n\n\n\n<p>Laurence Rosier (Universit\u00e9 Libre de Bruxelles, Belgique)<\/p>\n\n\n\n<p>Clarissa Smith (Northumbria Univesity, UK)<\/p>\n\n\n\n<p>Mathieu Trachman (Institut national d\u2019\u00e9tudes d\u00e9mographiques, France)<\/p>\n\n\n\n<p><strong>Webmaster:<\/strong> Maxime Marie<\/p>\n\n\n\n<p><strong>Translation:<\/strong> Jane Roffe et Steve Hill<\/p>\n\n\n\n<p><strong>Community Manager:<\/strong> S\u00e9bastien Magro<\/p>\n\n\n\n<p><strong>Graphisc design:<\/strong> Ateler Youpi<\/p>\n\n\n\n<p><strong>For their support, special thanks to:<\/strong><\/p>\n\n\n\n<p>Patrice de la Broise, head of Geriico<\/p>\n\n\n\n<p>Jean-Pierre Bourhis, head of Ar\u00e8nes<\/p>\n\n\n\n<p>Maryl\u00e8ne Bercegeay<\/p>\n\n\n\n<p>Aur\u00e9lie Droulez<\/p>\n\n\n\n<p>Julie Oerelmans<\/p>\n\n\n\n<p>Alexandra Torero-Ibad<\/p>\n\n\n\n<p>Jennifer Poullier<\/p>\n","protected":false},"excerpt":{"rendered":"<p>Project coordinators: B\u00e9atrice Damian-Gaillard (Ar\u00e8nes, Universit\u00e9 de Rennes 1) Florian V\u00f6r\u00f6s (GERiiCO, Universit\u00e9 de Lille) Organising committee: Juliette Dalbavie (GERiiCO, Universit\u00e9 de Lille) Marion Dalibert (GERiiCO, Universit\u00e9 de Lille) Coralie Le Caroff (CERLIS, Universit\u00e9 de Paris) B\u00e9atrice Micheau (GERiiCO, Universit\u00e9 de Lille) Steve Hill (Universit\u00e9 de Rennes 1) Maxime Marie (Universit\u00e9 de Rennes 1) Sandy &#8230; <a title=\"The conference team\" class=\"read-more\" href=\"https:\/\/mediasex2020.univ-lille.fr\/?page_id=123&#038;lang=en\" aria-label=\"En savoir plus sur The conference team\">Lire la suite<\/a><\/p>\n","protected":false},"author":1,"featured_media":0,"parent":0,"menu_order":0,"comment_status":"closed","ping_status":"closed","template":"","meta":[],"_links":{"self":[{"href":"https:\/\/mediasex2020.univ-lille.fr\/index.php?rest_route=\/wp\/v2\/pages\/123"}],"collection":[{"href":"https:\/\/mediasex2020.univ-lille.fr\/index.php?rest_route=\/wp\/v2\/pages"}],"about":[{"href":"https:\/\/mediasex2020.univ-lille.fr\/index.php?rest_route=\/wp\/v2\/types\/page"}],"author":[{"embeddable":true,"href":"https:\/\/mediasex2020.univ-lille.fr\/index.php?rest_route=\/wp\/v2\/users\/1"}],"replies":[{"embeddable":true,"href":"https:\/\/mediasex2020.univ-lille.fr\/index.php?rest_route=%2Fwp%2Fv2%2Fcomments&post=123"}],"version-history":[{"count":3,"href":"https:\/\/mediasex2020.univ-lille.fr\/index.php?rest_route=\/wp\/v2\/pages\/123\/revisions"}],"predecessor-version":[{"id":587,"href":"https:\/\/mediasex2020.univ-lille.fr\/index.php?rest_route=\/wp\/v2\/pages\/123\/revisions\/587"}],"wp:attachment":[{"href":"https:\/\/mediasex2020.univ-lille.fr\/index.php?rest_route=%2Fwp%2Fv2%2Fmedia&parent=123"}],"curies":[{"name":"wp","href":"https:\/\/api.w.org\/{rel}","templated":true}]}}