{"id":183,"date":"2020-10-06T15:18:42","date_gmt":"2020-10-06T13:18:42","guid":{"rendered":"https:\/\/mediasex2020.univ-lille.fr\/?page_id=183"},"modified":"2020-10-12T13:55:15","modified_gmt":"2020-10-12T11:55:15","slug":"sharif-mowlabocus","status":"publish","type":"page","link":"https:\/\/mediasex2020.univ-lille.fr\/?page_id=183","title":{"rendered":"Sharif Mowlabocus"},"content":{"rendered":"\n<p class=\"has-text-align-center\">Sharif Mowlabocus<\/p>\n\n\n\n<p>Sharif Mowlabocus est Associate Professor of Communication &amp; Media Studies \u00e0 la Fordham University de New York. Ses recherches portent sur les sexualit\u00e9s, appr\u00e9hend\u00e9es sous l\u2019angle des identit\u00e9s, des pratiques, des repr\u00e9sentations, de la sant\u00e9 et de la politique. Son prochain livre&nbsp;<em>Interrogating Homonormativity<\/em>&nbsp;(Palgrave, 2021) explore les cultures gays occidentales dans un contexte \u00ab&nbsp;post-\u00e9galit\u00e9&nbsp;\u00bb.<\/p>\n\n\n\n<p class=\"has-text-align-center\"><a href=\"http:\/\/www.sharifmowlabocus.com\">www.sharifmowlabocus.com<\/a><\/p>\n\n\n\n<p class=\"has-text-align-center\">Twitter&nbsp;: <a href=\"https:\/\/twitter.com\/creativemess\">@creativemess<\/a><\/p>\n","protected":false},"excerpt":{"rendered":"<p>Sharif Mowlabocus Sharif Mowlabocus est Associate Professor of Communication &amp; Media Studies \u00e0 la Fordham University de New York. Ses recherches portent sur les sexualit\u00e9s, appr\u00e9hend\u00e9es sous l\u2019angle des identit\u00e9s, des pratiques, des repr\u00e9sentations, de la sant\u00e9 et de la politique. Son prochain livre&nbsp;Interrogating Homonormativity&nbsp;(Palgrave, 2021) explore les cultures gays occidentales dans un contexte \u00ab&nbsp;post-\u00e9galit\u00e9&nbsp;\u00bb. &#8230; <a title=\"Sharif Mowlabocus\" class=\"read-more\" href=\"https:\/\/mediasex2020.univ-lille.fr\/?page_id=183\" aria-label=\"En savoir plus sur Sharif Mowlabocus\">Lire la suite<\/a><\/p>\n","protected":false},"author":1,"featured_media":0,"parent":0,"menu_order":0,"comment_status":"closed","ping_status":"closed","template":"","meta":[],"_links":{"self":[{"href":"https:\/\/mediasex2020.univ-lille.fr\/index.php?rest_route=\/wp\/v2\/pages\/183"}],"collection":[{"href":"https:\/\/mediasex2020.univ-lille.fr\/index.php?rest_route=\/wp\/v2\/pages"}],"about":[{"href":"https:\/\/mediasex2020.univ-lille.fr\/index.php?rest_route=\/wp\/v2\/types\/page"}],"author":[{"embeddable":true,"href":"https:\/\/mediasex2020.univ-lille.fr\/index.php?rest_route=\/wp\/v2\/users\/1"}],"replies":[{"embeddable":true,"href":"https:\/\/mediasex2020.univ-lille.fr\/index.php?rest_route=%2Fwp%2Fv2%2Fcomments&post=183"}],"version-history":[{"count":3,"href":"https:\/\/mediasex2020.univ-lille.fr\/index.php?rest_route=\/wp\/v2\/pages\/183\/revisions"}],"predecessor-version":[{"id":641,"href":"https:\/\/mediasex2020.univ-lille.fr\/index.php?rest_route=\/wp\/v2\/pages\/183\/revisions\/641"}],"wp:attachment":[{"href":"https:\/\/mediasex2020.univ-lille.fr\/index.php?rest_route=%2Fwp%2Fv2%2Fmedia&parent=183"}],"curies":[{"name":"wp","href":"https:\/\/api.w.org\/{rel}","templated":true}]}}