{"id":185,"date":"2020-10-06T15:19:08","date_gmt":"2020-10-06T13:19:08","guid":{"rendered":"https:\/\/mediasex2020.univ-lille.fr\/?page_id=185"},"modified":"2020-10-22T11:24:14","modified_gmt":"2020-10-22T09:24:14","slug":"virginie-julliard","status":"publish","type":"page","link":"https:\/\/mediasex2020.univ-lille.fr\/?page_id=185","title":{"rendered":"Virginie Julliard"},"content":{"rendered":"\n<p class=\"has-text-align-center\"><strong>Virginie Julliard<\/strong><\/p>\n\n\n\n<p>Virginie Julliard est professeure des universit\u00e9s en SIC au GRIPIC\/CELSA. Ses recherches portent sur la production m\u00e9diatique du genre et les dispositifs d\u2019\u00e9criture num\u00e9rique. Elle a publi\u00e9\u00a0<em>De la presse \u00e0 Internet : la parit\u00e9 en question<\/em>chez Herm\u00e8s-Lavoisier en 2012. Elle co-anime le s\u00e9minaire Genre, m\u00e9dias et communication avec N. Quemener.<\/p>\n","protected":false},"excerpt":{"rendered":"<p>Virginie Julliard Virginie Julliard est professeure des universit\u00e9s en SIC au GRIPIC\/CELSA. Ses recherches portent sur la production m\u00e9diatique du genre et les dispositifs d\u2019\u00e9criture num\u00e9rique. Elle a publi\u00e9\u00a0De la presse \u00e0 Internet : la parit\u00e9 en questionchez Herm\u00e8s-Lavoisier en 2012. Elle co-anime le s\u00e9minaire Genre, m\u00e9dias et communication avec N. Quemener.<\/p>\n","protected":false},"author":1,"featured_media":0,"parent":0,"menu_order":0,"comment_status":"closed","ping_status":"closed","template":"","meta":[],"_links":{"self":[{"href":"https:\/\/mediasex2020.univ-lille.fr\/index.php?rest_route=\/wp\/v2\/pages\/185"}],"collection":[{"href":"https:\/\/mediasex2020.univ-lille.fr\/index.php?rest_route=\/wp\/v2\/pages"}],"about":[{"href":"https:\/\/mediasex2020.univ-lille.fr\/index.php?rest_route=\/wp\/v2\/types\/page"}],"author":[{"embeddable":true,"href":"https:\/\/mediasex2020.univ-lille.fr\/index.php?rest_route=\/wp\/v2\/users\/1"}],"replies":[{"embeddable":true,"href":"https:\/\/mediasex2020.univ-lille.fr\/index.php?rest_route=%2Fwp%2Fv2%2Fcomments&post=185"}],"version-history":[{"count":2,"href":"https:\/\/mediasex2020.univ-lille.fr\/index.php?rest_route=\/wp\/v2\/pages\/185\/revisions"}],"predecessor-version":[{"id":732,"href":"https:\/\/mediasex2020.univ-lille.fr\/index.php?rest_route=\/wp\/v2\/pages\/185\/revisions\/732"}],"wp:attachment":[{"href":"https:\/\/mediasex2020.univ-lille.fr\/index.php?rest_route=%2Fwp%2Fv2%2Fmedia&parent=185"}],"curies":[{"name":"wp","href":"https:\/\/api.w.org\/{rel}","templated":true}]}}