{"id":189,"date":"2020-10-06T15:27:00","date_gmt":"2020-10-06T13:27:00","guid":{"rendered":"https:\/\/mediasex2020.univ-lille.fr\/?page_id=189"},"modified":"2020-10-08T16:26:09","modified_gmt":"2020-10-08T14:26:09","slug":"marion-coville","status":"publish","type":"page","link":"https:\/\/mediasex2020.univ-lille.fr\/?page_id=189","title":{"rendered":"Marion Coville"},"content":{"rendered":"\n<p class=\"has-text-align-center\">Marion Coville<\/p>\n\n\n\n<p>Marion Coville est ma\u00eetre de conf\u00e9rence en Sciences de l\u2019information et de la Communication \u00e0 l\u2019IAE de Poitiers. Ses travaux se situent dans les approches f\u00e9ministes des\u00a0<em>Science and Technology Studies<\/em>\u00a0et portent sur les m\u00e9diations &#8211; en particulier les m\u00e9diations techniques &#8211; dans les domaines de la sant\u00e9, des pratiques culturelles et du micro-travail<\/p>\n","protected":false},"excerpt":{"rendered":"<p>Marion Coville Marion Coville est ma\u00eetre de conf\u00e9rence en Sciences de l\u2019information et de la Communication \u00e0 l\u2019IAE de Poitiers. Ses travaux se situent dans les approches f\u00e9ministes des\u00a0Science and Technology Studies\u00a0et portent sur les m\u00e9diations &#8211; en particulier les m\u00e9diations techniques &#8211; dans les domaines de la sant\u00e9, des pratiques culturelles et du micro-travail<\/p>\n","protected":false},"author":1,"featured_media":0,"parent":0,"menu_order":0,"comment_status":"closed","ping_status":"closed","template":"","meta":[],"_links":{"self":[{"href":"https:\/\/mediasex2020.univ-lille.fr\/index.php?rest_route=\/wp\/v2\/pages\/189"}],"collection":[{"href":"https:\/\/mediasex2020.univ-lille.fr\/index.php?rest_route=\/wp\/v2\/pages"}],"about":[{"href":"https:\/\/mediasex2020.univ-lille.fr\/index.php?rest_route=\/wp\/v2\/types\/page"}],"author":[{"embeddable":true,"href":"https:\/\/mediasex2020.univ-lille.fr\/index.php?rest_route=\/wp\/v2\/users\/1"}],"replies":[{"embeddable":true,"href":"https:\/\/mediasex2020.univ-lille.fr\/index.php?rest_route=%2Fwp%2Fv2%2Fcomments&post=189"}],"version-history":[{"count":2,"href":"https:\/\/mediasex2020.univ-lille.fr\/index.php?rest_route=\/wp\/v2\/pages\/189\/revisions"}],"predecessor-version":[{"id":514,"href":"https:\/\/mediasex2020.univ-lille.fr\/index.php?rest_route=\/wp\/v2\/pages\/189\/revisions\/514"}],"wp:attachment":[{"href":"https:\/\/mediasex2020.univ-lille.fr\/index.php?rest_route=%2Fwp%2Fv2%2Fmedia&parent=189"}],"curies":[{"name":"wp","href":"https:\/\/api.w.org\/{rel}","templated":true}]}}