{"id":192,"date":"2020-10-06T15:27:22","date_gmt":"2020-10-06T13:27:22","guid":{"rendered":"https:\/\/mediasex2020.univ-lille.fr\/?page_id=192"},"modified":"2020-10-28T19:19:07","modified_gmt":"2020-10-28T18:19:07","slug":"fred-pailler","status":"publish","type":"page","link":"https:\/\/mediasex2020.univ-lille.fr\/?page_id=192","title":{"rendered":"Fred Pailler"},"content":{"rendered":"\n<p class=\"has-text-align-center\"><strong>Fred Pailler<\/strong><\/p>\n\n\n\n<p class=\"has-text-align-left\"> Fred Pailler est chercheur ind\u00e9pendant, form\u00e9 \u00e0 la sociologie et&nbsp;docteur en sciences de l&rsquo;information et de la communication (univ.&nbsp;Nantes, 2019). Ses recherches portent principalement sur les&nbsp;infrastructures et les usages des plateformes sociales num\u00e9riques ainsi&nbsp; que sur les controverses relatives aux questions de sant\u00e9, de genre et&nbsp;de sexualit\u00e9s.<\/p>\n\n\n\n<p class=\"has-text-align-center\">les blogs :&nbsp;&nbsp;<a rel=\"noreferrer noopener\" href=\"http:\/\/sociographie.net\/\" target=\"_blank\">sociographie.net<\/a>&nbsp;&nbsp; et &nbsp;&nbsp;&nbsp;<a rel=\"noreferrer noopener\" href=\"http:\/\/affects.hypotheses.org\/\" target=\"_blank\">affects.hypotheses.org<\/a><br>twitter : @sociographie<\/p>\n","protected":false},"excerpt":{"rendered":"<p>Fred Pailler Fred Pailler est chercheur ind\u00e9pendant, form\u00e9 \u00e0 la sociologie et&nbsp;docteur en sciences de l&rsquo;information et de la communication (univ.&nbsp;Nantes, 2019). Ses recherches portent principalement sur les&nbsp;infrastructures et les usages des plateformes sociales num\u00e9riques ainsi&nbsp; que sur les controverses relatives aux questions de sant\u00e9, de genre et&nbsp;de sexualit\u00e9s. les blogs :&nbsp;&nbsp;sociographie.net&nbsp;&nbsp; et &nbsp;&nbsp;&nbsp;affects.hypotheses.orgtwitter : &#8230; <a title=\"Fred Pailler\" class=\"read-more\" href=\"https:\/\/mediasex2020.univ-lille.fr\/?page_id=192\" aria-label=\"En savoir plus sur Fred Pailler\">Lire la suite<\/a><\/p>\n","protected":false},"author":1,"featured_media":0,"parent":0,"menu_order":0,"comment_status":"closed","ping_status":"closed","template":"","meta":[],"_links":{"self":[{"href":"https:\/\/mediasex2020.univ-lille.fr\/index.php?rest_route=\/wp\/v2\/pages\/192"}],"collection":[{"href":"https:\/\/mediasex2020.univ-lille.fr\/index.php?rest_route=\/wp\/v2\/pages"}],"about":[{"href":"https:\/\/mediasex2020.univ-lille.fr\/index.php?rest_route=\/wp\/v2\/types\/page"}],"author":[{"embeddable":true,"href":"https:\/\/mediasex2020.univ-lille.fr\/index.php?rest_route=\/wp\/v2\/users\/1"}],"replies":[{"embeddable":true,"href":"https:\/\/mediasex2020.univ-lille.fr\/index.php?rest_route=%2Fwp%2Fv2%2Fcomments&post=192"}],"version-history":[{"count":7,"href":"https:\/\/mediasex2020.univ-lille.fr\/index.php?rest_route=\/wp\/v2\/pages\/192\/revisions"}],"predecessor-version":[{"id":801,"href":"https:\/\/mediasex2020.univ-lille.fr\/index.php?rest_route=\/wp\/v2\/pages\/192\/revisions\/801"}],"wp:attachment":[{"href":"https:\/\/mediasex2020.univ-lille.fr\/index.php?rest_route=%2Fwp%2Fv2%2Fmedia&parent=192"}],"curies":[{"name":"wp","href":"https:\/\/api.w.org\/{rel}","templated":true}]}}