{"id":196,"date":"2020-10-06T15:28:13","date_gmt":"2020-10-06T13:28:13","guid":{"rendered":"https:\/\/mediasex2020.univ-lille.fr\/?page_id=196"},"modified":"2020-10-06T15:47:12","modified_gmt":"2020-10-06T13:47:12","slug":"keyvan-gorbanzadeh","status":"publish","type":"page","link":"https:\/\/mediasex2020.univ-lille.fr\/?page_id=196","title":{"rendered":"Keyvan Gorbanzadeh"},"content":{"rendered":"\n<p class=\"has-text-align-center\"><strong>Keyvan Gorbanzadeh<\/strong><\/p>\n\n\n\n<p>Doctorant en science politique \u00e0 l\u2019Universit\u00e9 Paris 1 Panth\u00e9on-Sorbonne, au sein du CESSP, je poursuis une th\u00e8se sur la r\u00e9gulation de l\u2019espace public en France, en prenant le point de vue de la publicit\u00e9, afin d\u2019interroger les\u00a0logiques de production d\u2019un discours\u00a0public\u00a0l\u00e9gitime.<\/p>\n\n\n\n<p class=\"has-text-align-center\"><strong><a href=\"https:\/\/www.cessp.cnrs.fr\/spip.php?rubrique523\">https:\/\/www.cessp.cnrs.fr\/spip.php?rubrique523<\/a><\/strong><\/p>\n","protected":false},"excerpt":{"rendered":"<p>Keyvan Gorbanzadeh Doctorant en science politique \u00e0 l\u2019Universit\u00e9 Paris 1 Panth\u00e9on-Sorbonne, au sein du CESSP, je poursuis une th\u00e8se sur la r\u00e9gulation de l\u2019espace public en France, en prenant le point de vue de la publicit\u00e9, afin d\u2019interroger les\u00a0logiques de production d\u2019un discours\u00a0public\u00a0l\u00e9gitime. https:\/\/www.cessp.cnrs.fr\/spip.php?rubrique523<\/p>\n","protected":false},"author":1,"featured_media":0,"parent":0,"menu_order":0,"comment_status":"closed","ping_status":"closed","template":"","meta":[],"_links":{"self":[{"href":"https:\/\/mediasex2020.univ-lille.fr\/index.php?rest_route=\/wp\/v2\/pages\/196"}],"collection":[{"href":"https:\/\/mediasex2020.univ-lille.fr\/index.php?rest_route=\/wp\/v2\/pages"}],"about":[{"href":"https:\/\/mediasex2020.univ-lille.fr\/index.php?rest_route=\/wp\/v2\/types\/page"}],"author":[{"embeddable":true,"href":"https:\/\/mediasex2020.univ-lille.fr\/index.php?rest_route=\/wp\/v2\/users\/1"}],"replies":[{"embeddable":true,"href":"https:\/\/mediasex2020.univ-lille.fr\/index.php?rest_route=%2Fwp%2Fv2%2Fcomments&post=196"}],"version-history":[{"count":2,"href":"https:\/\/mediasex2020.univ-lille.fr\/index.php?rest_route=\/wp\/v2\/pages\/196\/revisions"}],"predecessor-version":[{"id":238,"href":"https:\/\/mediasex2020.univ-lille.fr\/index.php?rest_route=\/wp\/v2\/pages\/196\/revisions\/238"}],"wp:attachment":[{"href":"https:\/\/mediasex2020.univ-lille.fr\/index.php?rest_route=%2Fwp%2Fv2%2Fmedia&parent=196"}],"curies":[{"name":"wp","href":"https:\/\/api.w.org\/{rel}","templated":true}]}}