{"id":198,"date":"2020-10-06T15:28:32","date_gmt":"2020-10-06T13:28:32","guid":{"rendered":"https:\/\/mediasex2020.univ-lille.fr\/?page_id=198"},"modified":"2020-10-06T15:54:02","modified_gmt":"2020-10-06T13:54:02","slug":"elise-marsicano","status":"publish","type":"page","link":"https:\/\/mediasex2020.univ-lille.fr\/?page_id=198","title":{"rendered":"Elise Marsicano"},"content":{"rendered":"\n<p class=\"has-text-align-center\">\u00c9lise Marsicano<\/p>\n\n\n\n<p>\u00c9lise Marsicano\u00a0est sociod\u00e9mographe, ma\u00eetresse de conf\u00e9rences \u00e0 l\u2019Universit\u00e9 de Strasbourg, membre du laboratoire SAGE (CNRS) et chercheure associ\u00e9e\u00a0\u00e0 l\u2019\u00e9quipe \u00ab\u00a0Sexualit\u00e9 et soins \u00bb (Inserm\/Ined).\u00a0Ses travaux, fond\u00e9s sur des donn\u00e9es quantitatives, traitent des enjeux de sexualit\u00e9, de sant\u00e9 et de discrimination envers les groupes minoritaires.\u00a0<\/p>\n\n\n\n<p class=\"has-text-align-center\"><a href=\"https:\/\/sage.unistra.fr\/membres\/enseignants-chercheurs\/marsicano-elise\/\">https:\/\/sage.unistra.fr\/membres\/enseignants-chercheurs\/marsicano-elise\/<\/a><\/p>\n","protected":false},"excerpt":{"rendered":"<p>\u00c9lise Marsicano \u00c9lise Marsicano\u00a0est sociod\u00e9mographe, ma\u00eetresse de conf\u00e9rences \u00e0 l\u2019Universit\u00e9 de Strasbourg, membre du laboratoire SAGE (CNRS) et chercheure associ\u00e9e\u00a0\u00e0 l\u2019\u00e9quipe \u00ab\u00a0Sexualit\u00e9 et soins \u00bb (Inserm\/Ined).\u00a0Ses travaux, fond\u00e9s sur des donn\u00e9es quantitatives, traitent des enjeux de sexualit\u00e9, de sant\u00e9 et de discrimination envers les groupes minoritaires.\u00a0 https:\/\/sage.unistra.fr\/membres\/enseignants-chercheurs\/marsicano-elise\/<\/p>\n","protected":false},"author":1,"featured_media":0,"parent":0,"menu_order":0,"comment_status":"closed","ping_status":"closed","template":"","meta":[],"_links":{"self":[{"href":"https:\/\/mediasex2020.univ-lille.fr\/index.php?rest_route=\/wp\/v2\/pages\/198"}],"collection":[{"href":"https:\/\/mediasex2020.univ-lille.fr\/index.php?rest_route=\/wp\/v2\/pages"}],"about":[{"href":"https:\/\/mediasex2020.univ-lille.fr\/index.php?rest_route=\/wp\/v2\/types\/page"}],"author":[{"embeddable":true,"href":"https:\/\/mediasex2020.univ-lille.fr\/index.php?rest_route=\/wp\/v2\/users\/1"}],"replies":[{"embeddable":true,"href":"https:\/\/mediasex2020.univ-lille.fr\/index.php?rest_route=%2Fwp%2Fv2%2Fcomments&post=198"}],"version-history":[{"count":2,"href":"https:\/\/mediasex2020.univ-lille.fr\/index.php?rest_route=\/wp\/v2\/pages\/198\/revisions"}],"predecessor-version":[{"id":240,"href":"https:\/\/mediasex2020.univ-lille.fr\/index.php?rest_route=\/wp\/v2\/pages\/198\/revisions\/240"}],"wp:attachment":[{"href":"https:\/\/mediasex2020.univ-lille.fr\/index.php?rest_route=%2Fwp%2Fv2%2Fmedia&parent=198"}],"curies":[{"name":"wp","href":"https:\/\/api.w.org\/{rel}","templated":true}]}}