{"id":206,"date":"2020-10-06T15:30:12","date_gmt":"2020-10-06T13:30:12","guid":{"rendered":"https:\/\/mediasex2020.univ-lille.fr\/?page_id=206"},"modified":"2020-10-06T16:01:00","modified_gmt":"2020-10-06T14:01:00","slug":"irene-despontin-lefevre","status":"publish","type":"page","link":"https:\/\/mediasex2020.univ-lille.fr\/?page_id=206","title":{"rendered":"Ir\u00e8ne Despontin Lef\u00e8vre"},"content":{"rendered":"\n<p class=\"has-text-align-center\">Ir\u00e8ne Despontin Lef\u00e8vre<\/p>\n\n\n\n<p>Doctorante en sciences de l\u2019information et de la communication (CARISM \u00e0 l\u2019Universit\u00e9 Paris 2 \u2013 Panth\u00e9on-Assas), Ir\u00e8ne Despontin Lef\u00e8vre pr\u00e9pare un doctorat sur le renouveau des mobilisations f\u00e9ministes en France au prisme des pratiques militantes num\u00e9riques et de sa m\u00e9diatisation. Dans ce cadre, elle s\u2019int\u00e9resse particuli\u00e8rement aux strat\u00e9gies de communication du collectif #NousToutes.<\/p>\n\n\n\n<p class=\"has-text-align-center\"><a href=\"https:\/\/carism.u-paris2.fr\/fr\/irene-despontin-lefevre\">https:\/\/carism.u-paris2.fr\/fr\/irene-despontin-lefevre<\/a><\/p>\n","protected":false},"excerpt":{"rendered":"<p>Ir\u00e8ne Despontin Lef\u00e8vre Doctorante en sciences de l\u2019information et de la communication (CARISM \u00e0 l\u2019Universit\u00e9 Paris 2 \u2013 Panth\u00e9on-Assas), Ir\u00e8ne Despontin Lef\u00e8vre pr\u00e9pare un doctorat sur le renouveau des mobilisations f\u00e9ministes en France au prisme des pratiques militantes num\u00e9riques et de sa m\u00e9diatisation. Dans ce cadre, elle s\u2019int\u00e9resse particuli\u00e8rement aux strat\u00e9gies de communication du collectif &#8230; <a title=\"Ir\u00e8ne Despontin Lef\u00e8vre\" class=\"read-more\" href=\"https:\/\/mediasex2020.univ-lille.fr\/?page_id=206\" aria-label=\"En savoir plus sur Ir\u00e8ne Despontin Lef\u00e8vre\">Lire la suite<\/a><\/p>\n","protected":false},"author":1,"featured_media":0,"parent":0,"menu_order":0,"comment_status":"closed","ping_status":"closed","template":"","meta":[],"_links":{"self":[{"href":"https:\/\/mediasex2020.univ-lille.fr\/index.php?rest_route=\/wp\/v2\/pages\/206"}],"collection":[{"href":"https:\/\/mediasex2020.univ-lille.fr\/index.php?rest_route=\/wp\/v2\/pages"}],"about":[{"href":"https:\/\/mediasex2020.univ-lille.fr\/index.php?rest_route=\/wp\/v2\/types\/page"}],"author":[{"embeddable":true,"href":"https:\/\/mediasex2020.univ-lille.fr\/index.php?rest_route=\/wp\/v2\/users\/1"}],"replies":[{"embeddable":true,"href":"https:\/\/mediasex2020.univ-lille.fr\/index.php?rest_route=%2Fwp%2Fv2%2Fcomments&post=206"}],"version-history":[{"count":2,"href":"https:\/\/mediasex2020.univ-lille.fr\/index.php?rest_route=\/wp\/v2\/pages\/206\/revisions"}],"predecessor-version":[{"id":247,"href":"https:\/\/mediasex2020.univ-lille.fr\/index.php?rest_route=\/wp\/v2\/pages\/206\/revisions\/247"}],"wp:attachment":[{"href":"https:\/\/mediasex2020.univ-lille.fr\/index.php?rest_route=%2Fwp%2Fv2%2Fmedia&parent=206"}],"curies":[{"name":"wp","href":"https:\/\/api.w.org\/{rel}","templated":true}]}}