{"id":210,"date":"2020-10-06T15:30:57","date_gmt":"2020-10-06T13:30:57","guid":{"rendered":"https:\/\/mediasex2020.univ-lille.fr\/?page_id=210"},"modified":"2020-10-13T08:47:28","modified_gmt":"2020-10-13T06:47:28","slug":"robyn-chien","status":"publish","type":"page","link":"https:\/\/mediasex2020.univ-lille.fr\/?page_id=210","title":{"rendered":"Robyn Chien"},"content":{"rendered":"\n<p>Robyn Chien est artiste. Depuis deux ans, son travail se d\u00e9veloppe autour de la concr\u00e9tisation d\u2019une<br>soci\u00e9t\u00e9 de production de film pour adulte, Puppy Please, avec Gordon B. Rec et Eva Vocz. La r\u00e9alisation<br>des films, leurs distributions et ce qui les emp\u00eache d\u2019exister deviennent son terrain. Elle utilise la fiction<br>comme un outil qui vient briser les impossibilit\u00e9s qui se mettent sur son chemin. Gr\u00e2ce \u00e0 un processus<br>similaire \u00e0 l\u2019action de la magie, elle r\u00e9pare le destin lorsqu\u2019il est injuste. La performance et la cam\u00e9ra<br>rendent compte et fixent ce changement.<\/p>\n","protected":false},"excerpt":{"rendered":"<p>Robyn Chien est artiste. Depuis deux ans, son travail se d\u00e9veloppe autour de la concr\u00e9tisation d\u2019unesoci\u00e9t\u00e9 de production de film pour adulte, Puppy Please, avec Gordon B. Rec et Eva Vocz. La r\u00e9alisationdes films, leurs distributions et ce qui les emp\u00eache d\u2019exister deviennent son terrain. Elle utilise la fictioncomme un outil qui vient briser les &#8230; <a title=\"Robyn Chien\" class=\"read-more\" href=\"https:\/\/mediasex2020.univ-lille.fr\/?page_id=210\" aria-label=\"En savoir plus sur Robyn Chien\">Lire la suite<\/a><\/p>\n","protected":false},"author":1,"featured_media":0,"parent":0,"menu_order":0,"comment_status":"closed","ping_status":"closed","template":"","meta":[],"_links":{"self":[{"href":"https:\/\/mediasex2020.univ-lille.fr\/index.php?rest_route=\/wp\/v2\/pages\/210"}],"collection":[{"href":"https:\/\/mediasex2020.univ-lille.fr\/index.php?rest_route=\/wp\/v2\/pages"}],"about":[{"href":"https:\/\/mediasex2020.univ-lille.fr\/index.php?rest_route=\/wp\/v2\/types\/page"}],"author":[{"embeddable":true,"href":"https:\/\/mediasex2020.univ-lille.fr\/index.php?rest_route=\/wp\/v2\/users\/1"}],"replies":[{"embeddable":true,"href":"https:\/\/mediasex2020.univ-lille.fr\/index.php?rest_route=%2Fwp%2Fv2%2Fcomments&post=210"}],"version-history":[{"count":2,"href":"https:\/\/mediasex2020.univ-lille.fr\/index.php?rest_route=\/wp\/v2\/pages\/210\/revisions"}],"predecessor-version":[{"id":684,"href":"https:\/\/mediasex2020.univ-lille.fr\/index.php?rest_route=\/wp\/v2\/pages\/210\/revisions\/684"}],"wp:attachment":[{"href":"https:\/\/mediasex2020.univ-lille.fr\/index.php?rest_route=%2Fwp%2Fv2%2Fmedia&parent=210"}],"curies":[{"name":"wp","href":"https:\/\/api.w.org\/{rel}","templated":true}]}}