{"id":214,"date":"2020-10-06T15:31:44","date_gmt":"2020-10-06T13:31:44","guid":{"rendered":"https:\/\/mediasex2020.univ-lille.fr\/?page_id=214"},"modified":"2020-10-06T16:28:04","modified_gmt":"2020-10-06T14:28:04","slug":"sarah-lecossais","status":"publish","type":"page","link":"https:\/\/mediasex2020.univ-lille.fr\/?page_id=214","title":{"rendered":"Sarah L\u00e9cossais"},"content":{"rendered":"\n<p class=\"has-text-align-center\"><strong>Sarah L\u00e9cossais<\/strong><\/p>\n\n\n\n<p>Sarah L\u00e9cossais est MCF en sciences de l\u2019information et de la communication \u00e0 l\u2019Universit\u00e9 Sorbonne Paris Nord (ex. Paris 13), \u00e0 l\u2019IUT de Saint-Denis. Membre du LabSIC, elle travaille sur les repr\u00e9sentations des rapports sociaux de genre dans les s\u00e9ries t\u00e9l\u00e9vis\u00e9es et enqu\u00eate d\u00e9sormais sur les sc\u00e9naristes et leurs pratiques d\u2019\u00e9criture.\u00a0<\/p>\n","protected":false},"excerpt":{"rendered":"<p>Sarah L\u00e9cossais Sarah L\u00e9cossais est MCF en sciences de l\u2019information et de la communication \u00e0 l\u2019Universit\u00e9 Sorbonne Paris Nord (ex. Paris 13), \u00e0 l\u2019IUT de Saint-Denis. Membre du LabSIC, elle travaille sur les repr\u00e9sentations des rapports sociaux de genre dans les s\u00e9ries t\u00e9l\u00e9vis\u00e9es et enqu\u00eate d\u00e9sormais sur les sc\u00e9naristes et leurs pratiques d\u2019\u00e9criture.\u00a0<\/p>\n","protected":false},"author":1,"featured_media":0,"parent":0,"menu_order":0,"comment_status":"closed","ping_status":"closed","template":"","meta":[],"_links":{"self":[{"href":"https:\/\/mediasex2020.univ-lille.fr\/index.php?rest_route=\/wp\/v2\/pages\/214"}],"collection":[{"href":"https:\/\/mediasex2020.univ-lille.fr\/index.php?rest_route=\/wp\/v2\/pages"}],"about":[{"href":"https:\/\/mediasex2020.univ-lille.fr\/index.php?rest_route=\/wp\/v2\/types\/page"}],"author":[{"embeddable":true,"href":"https:\/\/mediasex2020.univ-lille.fr\/index.php?rest_route=\/wp\/v2\/users\/1"}],"replies":[{"embeddable":true,"href":"https:\/\/mediasex2020.univ-lille.fr\/index.php?rest_route=%2Fwp%2Fv2%2Fcomments&post=214"}],"version-history":[{"count":2,"href":"https:\/\/mediasex2020.univ-lille.fr\/index.php?rest_route=\/wp\/v2\/pages\/214\/revisions"}],"predecessor-version":[{"id":253,"href":"https:\/\/mediasex2020.univ-lille.fr\/index.php?rest_route=\/wp\/v2\/pages\/214\/revisions\/253"}],"wp:attachment":[{"href":"https:\/\/mediasex2020.univ-lille.fr\/index.php?rest_route=%2Fwp%2Fv2%2Fmedia&parent=214"}],"curies":[{"name":"wp","href":"https:\/\/api.w.org\/{rel}","templated":true}]}}