{"id":224,"date":"2020-10-06T15:33:29","date_gmt":"2020-10-06T13:33:29","guid":{"rendered":"https:\/\/mediasex2020.univ-lille.fr\/?page_id=224"},"modified":"2020-10-06T16:46:56","modified_gmt":"2020-10-06T14:46:56","slug":"pierre-brasseur","status":"publish","type":"page","link":"https:\/\/mediasex2020.univ-lille.fr\/?page_id=224","title":{"rendered":"Pierre Brasseur"},"content":{"rendered":"\n<p class=\"has-text-align-center\"><strong>Pierre Brasseur<\/strong><\/p>\n\n\n\n<p>Pierre Brasseur, est sociologue, charg\u00e9 de recherche \u00e0 l&rsquo;Institut de recherche et de documentation en Economie de la Sant\u00e9 (<a rel=\"noreferrer noopener\" href=\"https:\/\/www.irdes.fr\/recherche\/equipe\/brasseur-pierre.html\" target=\"_blank\">https:\/\/www.irdes.fr\/recherche\/equipe\/brasseur-pierre.html<\/a>), et chercheur associ\u00e9 au laboratoire Pacte (<a rel=\"noreferrer noopener\" href=\"https:\/\/www.pacte-grenoble.fr\/membres\/pierre-brasseur\" target=\"_blank\">https:\/\/www.pacte-grenoble.fr\/membres\/pierre-brasseur<\/a>)<\/p>\n","protected":false},"excerpt":{"rendered":"<p>Pierre Brasseur Pierre Brasseur, est sociologue, charg\u00e9 de recherche \u00e0 l&rsquo;Institut de recherche et de documentation en Economie de la Sant\u00e9 (https:\/\/www.irdes.fr\/recherche\/equipe\/brasseur-pierre.html), et chercheur associ\u00e9 au laboratoire Pacte (https:\/\/www.pacte-grenoble.fr\/membres\/pierre-brasseur)<\/p>\n","protected":false},"author":1,"featured_media":0,"parent":0,"menu_order":0,"comment_status":"closed","ping_status":"closed","template":"","meta":[],"_links":{"self":[{"href":"https:\/\/mediasex2020.univ-lille.fr\/index.php?rest_route=\/wp\/v2\/pages\/224"}],"collection":[{"href":"https:\/\/mediasex2020.univ-lille.fr\/index.php?rest_route=\/wp\/v2\/pages"}],"about":[{"href":"https:\/\/mediasex2020.univ-lille.fr\/index.php?rest_route=\/wp\/v2\/types\/page"}],"author":[{"embeddable":true,"href":"https:\/\/mediasex2020.univ-lille.fr\/index.php?rest_route=\/wp\/v2\/users\/1"}],"replies":[{"embeddable":true,"href":"https:\/\/mediasex2020.univ-lille.fr\/index.php?rest_route=%2Fwp%2Fv2%2Fcomments&post=224"}],"version-history":[{"count":2,"href":"https:\/\/mediasex2020.univ-lille.fr\/index.php?rest_route=\/wp\/v2\/pages\/224\/revisions"}],"predecessor-version":[{"id":264,"href":"https:\/\/mediasex2020.univ-lille.fr\/index.php?rest_route=\/wp\/v2\/pages\/224\/revisions\/264"}],"wp:attachment":[{"href":"https:\/\/mediasex2020.univ-lille.fr\/index.php?rest_route=%2Fwp%2Fv2%2Fmedia&parent=224"}],"curies":[{"name":"wp","href":"https:\/\/api.w.org\/{rel}","templated":true}]}}