{"id":228,"date":"2020-10-06T15:34:16","date_gmt":"2020-10-06T13:34:16","guid":{"rendered":"https:\/\/mediasex2020.univ-lille.fr\/?page_id=228"},"modified":"2020-10-06T16:52:47","modified_gmt":"2020-10-06T14:52:47","slug":"laure-beaulieu","status":"publish","type":"page","link":"https:\/\/mediasex2020.univ-lille.fr\/?page_id=228","title":{"rendered":"Laure Beaulieu"},"content":{"rendered":"\n<p class=\"has-text-align-center\"><strong>Laure Beaulieu<\/strong><\/p>\n\n\n\n<p>Laure Beaulieu pr\u00e9pare un doctorat \u00e0 l\u2019universit\u00e9 Paris Nord. Elle s\u2019int\u00e9resse \u00e0 la circulation des id\u00e9es f\u00e9ministes dans la presse quotidienne fran\u00e7aise dans le contexte post-metoo. Ancienne \u00e9tudiante de Sciences Po Paris et de l\u2019EHESS, elle a \u00e9t\u00e9 journaliste avant de s\u2019orienter vers la recherche en sciences sociales.<\/p>\n\n\n\n<figure class=\"wp-block-embed-wordpress wp-block-embed is-type-wp-embed is-provider-labsic\"><div class=\"wp-block-embed__wrapper\">\n<blockquote class=\"wp-embedded-content\" data-secret=\"fynCSkH7vR\"><a href=\"http:\/\/labsic.univ-paris13.fr\/membre\/beaulieu-laure\/\">BEAULIEU Laure<\/a><\/blockquote><iframe class=\"wp-embedded-content\" sandbox=\"allow-scripts\" security=\"restricted\" style=\"position: absolute; clip: rect(1px, 1px, 1px, 1px);\" title=\"\u00ab\u00a0BEAULIEU Laure\u00a0\u00bb &#8212; LabSIC\" src=\"http:\/\/labsic.univ-paris13.fr\/membre\/beaulieu-laure\/embed\/#?secret=fynCSkH7vR\" data-secret=\"fynCSkH7vR\" width=\"600\" height=\"338\" frameborder=\"0\" marginwidth=\"0\" marginheight=\"0\" scrolling=\"no\"><\/iframe>\n<\/div><\/figure>\n","protected":false},"excerpt":{"rendered":"<p>Laure Beaulieu Laure Beaulieu pr\u00e9pare un doctorat \u00e0 l\u2019universit\u00e9 Paris Nord. Elle s\u2019int\u00e9resse \u00e0 la circulation des id\u00e9es f\u00e9ministes dans la presse quotidienne fran\u00e7aise dans le contexte post-metoo. Ancienne \u00e9tudiante de Sciences Po Paris et de l\u2019EHESS, elle a \u00e9t\u00e9 journaliste avant de s\u2019orienter vers la recherche en sciences sociales.<\/p>\n","protected":false},"author":1,"featured_media":0,"parent":0,"menu_order":0,"comment_status":"closed","ping_status":"closed","template":"","meta":[],"_links":{"self":[{"href":"https:\/\/mediasex2020.univ-lille.fr\/index.php?rest_route=\/wp\/v2\/pages\/228"}],"collection":[{"href":"https:\/\/mediasex2020.univ-lille.fr\/index.php?rest_route=\/wp\/v2\/pages"}],"about":[{"href":"https:\/\/mediasex2020.univ-lille.fr\/index.php?rest_route=\/wp\/v2\/types\/page"}],"author":[{"embeddable":true,"href":"https:\/\/mediasex2020.univ-lille.fr\/index.php?rest_route=\/wp\/v2\/users\/1"}],"replies":[{"embeddable":true,"href":"https:\/\/mediasex2020.univ-lille.fr\/index.php?rest_route=%2Fwp%2Fv2%2Fcomments&post=228"}],"version-history":[{"count":3,"href":"https:\/\/mediasex2020.univ-lille.fr\/index.php?rest_route=\/wp\/v2\/pages\/228\/revisions"}],"predecessor-version":[{"id":269,"href":"https:\/\/mediasex2020.univ-lille.fr\/index.php?rest_route=\/wp\/v2\/pages\/228\/revisions\/269"}],"wp:attachment":[{"href":"https:\/\/mediasex2020.univ-lille.fr\/index.php?rest_route=%2Fwp%2Fv2%2Fmedia&parent=228"}],"curies":[{"name":"wp","href":"https:\/\/api.w.org\/{rel}","templated":true}]}}