{"id":363,"date":"2020-10-07T14:42:59","date_gmt":"2020-10-07T12:42:59","guid":{"rendered":"https:\/\/mediasex2020.univ-lille.fr\/?page_id=363"},"modified":"2020-10-07T14:42:59","modified_gmt":"2020-10-07T12:42:59","slug":"vivien-solde-2","status":"publish","type":"page","link":"https:\/\/mediasex2020.univ-lille.fr\/?page_id=363&lang=en","title":{"rendered":"Vivien Sold\u00e9"},"content":{"rendered":"\n<p class=\"has-text-align-center\"><strong>Vivien Sold\u00e9<\/strong><\/p>\n\n\n\n<p>Vivien Sold\u00e9 is a PHD student in Sociology at the University of Reims Champagne-Ardenne (CEREP) under the supervision of Fran\u00e7oise F. Laot and Pascal Laborderie. He is working on a comparative study of confessional and secular popular film education networks.\u00a0He co-wrote with Pascal Laborderie \u00ab\u00a0La violence au cin\u00e9ma\u00a0: un d\u00e9bat dans les r\u00e9seaux de cin\u00e9-clubs confessionnels ou la\u00efques (France 1946-1953)\u00a0\u00bb,\u00a0<em>Le T\u00e9l\u00e9maque<\/em>, n \u00b0 53, 2018, pp. 81-96.<\/p>\n","protected":false},"excerpt":{"rendered":"<p>Vivien Sold\u00e9 Vivien Sold\u00e9 is a PHD student in Sociology at the University of Reims Champagne-Ardenne (CEREP) under the supervision of Fran\u00e7oise F. Laot and Pascal Laborderie. He is working on a comparative study of confessional and secular popular film education networks.\u00a0He co-wrote with Pascal Laborderie \u00ab\u00a0La violence au cin\u00e9ma\u00a0: un d\u00e9bat dans les r\u00e9seaux &#8230; <a title=\"Vivien Sold\u00e9\" class=\"read-more\" href=\"https:\/\/mediasex2020.univ-lille.fr\/?page_id=363&#038;lang=en\" aria-label=\"En savoir plus sur Vivien Sold\u00e9\">Lire la suite<\/a><\/p>\n","protected":false},"author":1,"featured_media":0,"parent":0,"menu_order":0,"comment_status":"closed","ping_status":"closed","template":"","meta":[],"_links":{"self":[{"href":"https:\/\/mediasex2020.univ-lille.fr\/index.php?rest_route=\/wp\/v2\/pages\/363"}],"collection":[{"href":"https:\/\/mediasex2020.univ-lille.fr\/index.php?rest_route=\/wp\/v2\/pages"}],"about":[{"href":"https:\/\/mediasex2020.univ-lille.fr\/index.php?rest_route=\/wp\/v2\/types\/page"}],"author":[{"embeddable":true,"href":"https:\/\/mediasex2020.univ-lille.fr\/index.php?rest_route=\/wp\/v2\/users\/1"}],"replies":[{"embeddable":true,"href":"https:\/\/mediasex2020.univ-lille.fr\/index.php?rest_route=%2Fwp%2Fv2%2Fcomments&post=363"}],"version-history":[{"count":1,"href":"https:\/\/mediasex2020.univ-lille.fr\/index.php?rest_route=\/wp\/v2\/pages\/363\/revisions"}],"predecessor-version":[{"id":364,"href":"https:\/\/mediasex2020.univ-lille.fr\/index.php?rest_route=\/wp\/v2\/pages\/363\/revisions\/364"}],"wp:attachment":[{"href":"https:\/\/mediasex2020.univ-lille.fr\/index.php?rest_route=%2Fwp%2Fv2%2Fmedia&parent=363"}],"curies":[{"name":"wp","href":"https:\/\/api.w.org\/{rel}","templated":true}]}}