{"id":366,"date":"2020-10-07T14:45:47","date_gmt":"2020-10-07T12:45:47","guid":{"rendered":"https:\/\/mediasex2020.univ-lille.fr\/?page_id=366"},"modified":"2020-10-07T14:45:48","modified_gmt":"2020-10-07T12:45:48","slug":"irene-despontin-lefevre-2","status":"publish","type":"page","link":"https:\/\/mediasex2020.univ-lille.fr\/?page_id=366&lang=en","title":{"rendered":"Ir\u00e8ne Despontin Lef\u00e8vre"},"content":{"rendered":"\n<p class=\"has-text-align-center\"><strong>Ir\u00e8ne Despontin Lef\u00e8vre<\/strong><\/p>\n\n\n\n<p>As a PhD student in information and communication sciences (CARISM,University of Paris 2 &#8211; Panth\u00e9on-Assas), Ir\u00e8ne Despontin Lef\u00e8vre questions the renewal of feminist mobilizations in France through the prism of digital activist practices and its media coverage. In that context, she is focused her research in the communication strategies of the feminist #NousToutes organization.<\/p>\n\n\n\n<p class=\"has-text-align-center\"><a href=\"https:\/\/carism.u-paris2.fr\/fr\/irene-despontin-lefevre\">https:\/\/carism.u-paris2.fr\/fr\/irene-despontin-lefevre<\/a><\/p>\n","protected":false},"excerpt":{"rendered":"<p>Ir\u00e8ne Despontin Lef\u00e8vre As a PhD student in information and communication sciences (CARISM,University of Paris 2 &#8211; Panth\u00e9on-Assas), Ir\u00e8ne Despontin Lef\u00e8vre questions the renewal of feminist mobilizations in France through the prism of digital activist practices and its media coverage. In that context, she is focused her research in the communication strategies of the feminist &#8230; <a title=\"Ir\u00e8ne Despontin Lef\u00e8vre\" class=\"read-more\" href=\"https:\/\/mediasex2020.univ-lille.fr\/?page_id=366&#038;lang=en\" aria-label=\"En savoir plus sur Ir\u00e8ne Despontin Lef\u00e8vre\">Lire la suite<\/a><\/p>\n","protected":false},"author":1,"featured_media":0,"parent":0,"menu_order":0,"comment_status":"closed","ping_status":"closed","template":"","meta":[],"_links":{"self":[{"href":"https:\/\/mediasex2020.univ-lille.fr\/index.php?rest_route=\/wp\/v2\/pages\/366"}],"collection":[{"href":"https:\/\/mediasex2020.univ-lille.fr\/index.php?rest_route=\/wp\/v2\/pages"}],"about":[{"href":"https:\/\/mediasex2020.univ-lille.fr\/index.php?rest_route=\/wp\/v2\/types\/page"}],"author":[{"embeddable":true,"href":"https:\/\/mediasex2020.univ-lille.fr\/index.php?rest_route=\/wp\/v2\/users\/1"}],"replies":[{"embeddable":true,"href":"https:\/\/mediasex2020.univ-lille.fr\/index.php?rest_route=%2Fwp%2Fv2%2Fcomments&post=366"}],"version-history":[{"count":1,"href":"https:\/\/mediasex2020.univ-lille.fr\/index.php?rest_route=\/wp\/v2\/pages\/366\/revisions"}],"predecessor-version":[{"id":367,"href":"https:\/\/mediasex2020.univ-lille.fr\/index.php?rest_route=\/wp\/v2\/pages\/366\/revisions\/367"}],"wp:attachment":[{"href":"https:\/\/mediasex2020.univ-lille.fr\/index.php?rest_route=%2Fwp%2Fv2%2Fmedia&parent=366"}],"curies":[{"name":"wp","href":"https:\/\/api.w.org\/{rel}","templated":true}]}}