{"id":392,"date":"2020-10-07T15:22:15","date_gmt":"2020-10-07T13:22:15","guid":{"rendered":"https:\/\/mediasex2020.univ-lille.fr\/?page_id=392"},"modified":"2020-10-07T15:22:16","modified_gmt":"2020-10-07T13:22:16","slug":"florence-le-cam-2","status":"publish","type":"page","link":"https:\/\/mediasex2020.univ-lille.fr\/?page_id=392&lang=en","title":{"rendered":"Florence Le Cam"},"content":{"rendered":"\n<p class=\"has-text-align-center\"><strong>Florence Le Cam<\/strong><\/p>\n\n\n\n<p><strong>Florence Le Cam<\/strong>\u00a0is chair of Journalism, Universit\u00e9 libre de Bruxelles (ULB), Belgium.\u00a0Her research interests include the professional identities of journalists, the history of journalism, and how that history is challenged by contemporary innovations.\u00a0She is coeditor of\u00a0<em>Sur le journalisme-About Journalism-Sobre jornalismo<\/em>, and member of LaPIJ (Laboratoire des pratiques et identit\u00e9s journalistiques-ULB) and Ar\u00e8nes (Universit\u00e9 de Rennes 1).<\/p>\n\n\n\n<p class=\"has-text-align-center\"><a href=\"http:\/\/www.surlejournalisme.com\/rev\">www.surlejournalisme.com\/rev<\/a><\/p>\n\n\n\n<p class=\"has-text-align-center\"><a href=\"https:\/\/lapij.ulb.ac.be\">https:\/\/lapij.ulb.ac.be<\/a><\/p>\n","protected":false},"excerpt":{"rendered":"<p>Florence Le Cam Florence Le Cam\u00a0is chair of Journalism, Universit\u00e9 libre de Bruxelles (ULB), Belgium.\u00a0Her research interests include the professional identities of journalists, the history of journalism, and how that history is challenged by contemporary innovations.\u00a0She is coeditor of\u00a0Sur le journalisme-About Journalism-Sobre jornalismo, and member of LaPIJ (Laboratoire des pratiques et identit\u00e9s journalistiques-ULB) and Ar\u00e8nes &#8230; <a title=\"Florence Le Cam\" class=\"read-more\" href=\"https:\/\/mediasex2020.univ-lille.fr\/?page_id=392&#038;lang=en\" aria-label=\"En savoir plus sur Florence Le Cam\">Lire la suite<\/a><\/p>\n","protected":false},"author":1,"featured_media":0,"parent":0,"menu_order":0,"comment_status":"closed","ping_status":"closed","template":"","meta":[],"_links":{"self":[{"href":"https:\/\/mediasex2020.univ-lille.fr\/index.php?rest_route=\/wp\/v2\/pages\/392"}],"collection":[{"href":"https:\/\/mediasex2020.univ-lille.fr\/index.php?rest_route=\/wp\/v2\/pages"}],"about":[{"href":"https:\/\/mediasex2020.univ-lille.fr\/index.php?rest_route=\/wp\/v2\/types\/page"}],"author":[{"embeddable":true,"href":"https:\/\/mediasex2020.univ-lille.fr\/index.php?rest_route=\/wp\/v2\/users\/1"}],"replies":[{"embeddable":true,"href":"https:\/\/mediasex2020.univ-lille.fr\/index.php?rest_route=%2Fwp%2Fv2%2Fcomments&post=392"}],"version-history":[{"count":1,"href":"https:\/\/mediasex2020.univ-lille.fr\/index.php?rest_route=\/wp\/v2\/pages\/392\/revisions"}],"predecessor-version":[{"id":393,"href":"https:\/\/mediasex2020.univ-lille.fr\/index.php?rest_route=\/wp\/v2\/pages\/392\/revisions\/393"}],"wp:attachment":[{"href":"https:\/\/mediasex2020.univ-lille.fr\/index.php?rest_route=%2Fwp%2Fv2%2Fmedia&parent=392"}],"curies":[{"name":"wp","href":"https:\/\/api.w.org\/{rel}","templated":true}]}}