{"id":458,"date":"2020-10-08T11:05:05","date_gmt":"2020-10-08T09:05:05","guid":{"rendered":"https:\/\/mediasex2020.univ-lille.fr\/?page_id=458"},"modified":"2020-10-08T11:05:06","modified_gmt":"2020-10-08T09:05:06","slug":"quest-ce-quun-bon-porno-les-federations-de-cine-club-confessionnelles-et-laiques-face-au-sexe-sur-les-ecrans","status":"publish","type":"page","link":"https:\/\/mediasex2020.univ-lille.fr\/?page_id=458","title":{"rendered":"\u00ab Qu&rsquo;est ce qu&rsquo;un bon porno ? Les f\u00e9d\u00e9rations de cin\u00e9-club confessionnelles et la\u00efques face au sexe sur les \u00e9crans ? \u00bb"},"content":{"rendered":"\n<p class=\"has-text-align-center\">\u00ab\u00a0Qu&rsquo;est ce qu&rsquo;un bon porno ? Les f\u00e9d\u00e9rations de cin\u00e9-club confessionnelles et la\u00efques face au sexe sur les \u00e9crans ?\u00a0\u00bb<\/p>\n\n\n\n<p>Cette \u00e9tude a pour ambition d\u2019analyser la r\u00e9ception du cin\u00e9ma porno-\u00e9rotique par les militants des f\u00e9d\u00e9rations de cin\u00e9-clubs. En plein boom dans les ann\u00e9es 1970 et favoris\u00e9 par une censure plus souple, le genre va se propager sur les \u00e9crans de cin\u00e9ma fran\u00e7ais. Qu\u2019elles soient catholiques ou la\u00efques, les f\u00e9d\u00e9rations n\u2019ont d\u2019autres choix que de se positionner au travers notamment de leurs revues.<\/p>\n\n\n\n<p>Les enjeux politiques, culturels, sociaux, esth\u00e9tiques et id\u00e9ologiques sont nombreux et parfois contradictoires&nbsp;: libert\u00e9 d\u2019expression, esth\u00e9tique et artistique, \u00e9mancipation de la femme, d\u00e9fense des minorit\u00e9s sexuelles&#8230; D\u00e8s lors, le cin\u00e9ma porno-\u00e9rotique est-il vraiment un genre comme un autre&nbsp;? Quelle distinction peut-on faire entre \u00e9rotisme et pornographie&nbsp;? Comment les f\u00e9d\u00e9rations vont-elles se positionner et se distinguer&nbsp;? Et finalement, qu\u2019est-ce qu\u2019un bon \u00ab&nbsp;porno&nbsp;\u00bb&nbsp;?<\/p>\n","protected":false},"excerpt":{"rendered":"<p>\u00ab\u00a0Qu&rsquo;est ce qu&rsquo;un bon porno ? Les f\u00e9d\u00e9rations de cin\u00e9-club confessionnelles et la\u00efques face au sexe sur les \u00e9crans ?\u00a0\u00bb Cette \u00e9tude a pour ambition d\u2019analyser la r\u00e9ception du cin\u00e9ma porno-\u00e9rotique par les militants des f\u00e9d\u00e9rations de cin\u00e9-clubs. En plein boom dans les ann\u00e9es 1970 et favoris\u00e9 par une censure plus souple, le genre va &#8230; <a title=\"\u00ab Qu&rsquo;est ce qu&rsquo;un bon porno ? Les f\u00e9d\u00e9rations de cin\u00e9-club confessionnelles et la\u00efques face au sexe sur les \u00e9crans ? \u00bb\" class=\"read-more\" href=\"https:\/\/mediasex2020.univ-lille.fr\/?page_id=458\" aria-label=\"En savoir plus sur \u00ab Qu&rsquo;est ce qu&rsquo;un bon porno ? Les f\u00e9d\u00e9rations de cin\u00e9-club confessionnelles et la\u00efques face au sexe sur les \u00e9crans ? \u00bb\">Lire la suite<\/a><\/p>\n","protected":false},"author":1,"featured_media":0,"parent":0,"menu_order":0,"comment_status":"closed","ping_status":"closed","template":"","meta":[],"_links":{"self":[{"href":"https:\/\/mediasex2020.univ-lille.fr\/index.php?rest_route=\/wp\/v2\/pages\/458"}],"collection":[{"href":"https:\/\/mediasex2020.univ-lille.fr\/index.php?rest_route=\/wp\/v2\/pages"}],"about":[{"href":"https:\/\/mediasex2020.univ-lille.fr\/index.php?rest_route=\/wp\/v2\/types\/page"}],"author":[{"embeddable":true,"href":"https:\/\/mediasex2020.univ-lille.fr\/index.php?rest_route=\/wp\/v2\/users\/1"}],"replies":[{"embeddable":true,"href":"https:\/\/mediasex2020.univ-lille.fr\/index.php?rest_route=%2Fwp%2Fv2%2Fcomments&post=458"}],"version-history":[{"count":1,"href":"https:\/\/mediasex2020.univ-lille.fr\/index.php?rest_route=\/wp\/v2\/pages\/458\/revisions"}],"predecessor-version":[{"id":459,"href":"https:\/\/mediasex2020.univ-lille.fr\/index.php?rest_route=\/wp\/v2\/pages\/458\/revisions\/459"}],"wp:attachment":[{"href":"https:\/\/mediasex2020.univ-lille.fr\/index.php?rest_route=%2Fwp%2Fv2%2Fmedia&parent=458"}],"curies":[{"name":"wp","href":"https:\/\/api.w.org\/{rel}","templated":true}]}}