{"id":469,"date":"2020-10-08T14:54:28","date_gmt":"2020-10-08T12:54:28","guid":{"rendered":"https:\/\/mediasex2020.univ-lille.fr\/?page_id=469"},"modified":"2020-10-09T15:45:38","modified_gmt":"2020-10-09T13:45:38","slug":"mentions-legales-et-politique-de-confidentialite","status":"publish","type":"page","link":"https:\/\/mediasex2020.univ-lille.fr\/?page_id=469","title":{"rendered":"Mentions l\u00e9gales et politique de confidentialit\u00e9"},"content":{"rendered":"\n<p class=\"has-text-align-center\">Mentions l\u00e9gales et politique de confidentialit\u00e9<\/p>\n\n\n\n<h3>\u00c9diteur<\/h3>\n\n\n\n<p>Le site web est \u00e9dit\u00e9 par le laboratoire G\u00e9riico de l&rsquo;Universit\u00e9 de Lille<\/p>\n\n\n\n<h3>H\u00e9bergeur<\/h3>\n\n\n\n<p>Il est h\u00e9berg\u00e9 par&nbsp;l&rsquo;universit\u00e9 de Lille<\/p>\n\n\n\n<p>DSI Universit\u00e9 de Lille &#8211; D\u00e9veloppement des services num\u00e9riques&nbsp;<br><\/p>\n\n\n\n<p>42 Rue Paul Duez, 59000 Lille<\/p>\n\n\n\n<p><\/p>\n\n\n\n<h3>Collecte d\u2019informations et traitements :<\/h3>\n\n\n\n<p>En France, les donn\u00e9es personnelles sont notamment prot\u00e9g\u00e9es par la loi n\u00b0 78-87 du 6 janvier 1978, la loi n\u00b0 2004-801 du 6 ao\u00fbt 2004, l\u2019article L. 226-13 du Code p\u00e9nal et la Directive europ\u00e9enne du 24 octobre 1995.<br>Ce site peut \u00eatre amen\u00e9 \u00e0 collecter des informations personnelles (nom, pr\u00e9noms, coordonn\u00e9es t\u00e9l\u00e9phoniques, E-mail et\/ou adresse IP).<br>Ces informations nous servent&nbsp;:<\/p>\n\n\n\n<ul><li>A des fin statistiques (informations sur le trafic et l\u2019utilisation du site web, pages d\u2019acc\u00e9s et requ\u00e8tes r\u00e9f\u00e9rentes ves le site, adresses IP)<\/li><li>A r\u00e9pondre \u00e0 vos demandes via les formulaires du site (nom, pr\u00e9noms, coordonn\u00e9es t\u00e9l\u00e9phoniques,E-mail et adresse IP).<\/li><\/ul>\n\n\n\n<h4>Suppression de vos donn\u00e9es personnelles.<\/h4>\n\n\n\n<p>Vous pouvez \u00e0 tout moment demander la suppression de vos donn\u00e9es personnelles et le transfert des donn\u00e9es archiv\u00e9es sur le site en utilisant ce formulaire<\/p>\n\n\n\n<h3>Cookies :<\/h3>\n\n\n\n<p>La navigation sur le site internet du Colloque peut impliquer la pr\u00e9sence de cookies :<\/p>\n\n\n\n<ul><li>Cr\u00e9\u00e9 par le wordpress, notre logiciel de publication(wordpress_test_cookie) \u2013 https:\/\/wordpress.org\/<\/li><\/ul>\n\n\n\n<p>Par ailleurs, Le site d\u2019infocom Lannion fait appel\u00a0\u00e0 des services tiers,qui peuvent provoquer l\u2019installation de cookie(s) sur l\u2019ordinateur de l\u2019utilisateur.<br>Un cookie est un fichier de petite taille, qui enregistre des informations relatives \u00e0 la navigation d\u2019un ordinateur sur un site. Les donn\u00e9es ainsi obtenues visent \u00e0 conserver des informations eentre deux navigation sur un site.<br>Le refus d\u2019installation d\u2019un cookie peut entra\u00eener l\u2019impossibilit\u00e9 d\u2019acc\u00e9der \u00e0 certains services. L\u2019utilisateur peut toutefois configurer son ordinateur de la mani\u00e8re suivante, pour refuser l\u2019installation des cookies :<\/p>\n\n\n\n<ul><li>Sous Internet Explorer : onglet outil (pictogramme en forme de rouage en haut \u00e0 droite)\/options internet. Cliquez sur Confidentialit\u00e9 et choisissez Bloquer tous les cookies. Validez sur Ok.<\/li><li>Sous Firefox : en haut de la fen\u00eatre du navigateur, cliquez sur le bouton Firefox, puis aller dans l\u2019onglet Options. Cliquer sur l\u2019onglet Vie priv\u00e9e. Param\u00e9trez les R\u00e8gles de conservation sur : utiliser les param\u00e8tres personnalis\u00e9s pour l\u2019historique. Enfin d\u00e9cochez-la pour d\u00e9sactiver les cookies.<\/li><li>Sous Safari : Cliquez en haut \u00e0 droite du navigateur sur le pictogramme de menu (symbolis\u00e9 par un rouage). S\u00e9lectionnez Param\u00e8tres. Cliquez sur Afficher les param\u00e8tres avanc\u00e9s. Dans la section \u00ab Confidentialit\u00e9 \u00bb, cliquez sur Param\u00e8tres de contenu. Dans la section \u00ab Cookies \u00bb, vous pouvez bloquer les cookies.<\/li><li>Sous Chrome : Cliquez en haut \u00e0 droite du navigateur sur le pictogramme de menu (symbolis\u00e9 par trois lignes horizontales). S\u00e9lectionnez Param\u00e8tres. Cliquez sur Afficher les param\u00e8tres avanc\u00e9s. Dans la section \u00ab Confidentialit\u00e9 \u00bb, cliquez sur pr\u00e9f\u00e9rences. Dans l\u2019onglet \u00ab Confidentialit\u00e9 \u00bb, vous pouvez bloquer les cookies.<\/li><\/ul>\n\n\n\n<p>Certains outils tiers diffusent des publicit\u00e9s comportementales, vous pouvez utiliser&nbsp;<a href=\"http:\/\/www.youronlinechoices.com\/fr\/controler-ses-cookies\/\" target=\"_blank\" rel=\"noreferrer noopener\">ce service<\/a>&nbsp;pour voir les informations que vous partagez avec eux.<\/p>\n\n\n\n<h3 id=\"listesdesservicestiers\">Liste des services tiers pouvant \u00eatre utilis\u00e9s sur le site :<\/h3>\n\n\n\n<p>Ce site utilise des services tiers&nbsp; propos\u00e9s par des prestataires externes nous vous invitons \u00e0 consulter leurs politiques de collecte,&nbsp; d\u2019usage&nbsp; et&nbsp; traitement des donn\u00e9es:<\/p>\n\n\n\n<h4>Services li\u00e9s \u00e0 l\u2019h\u00e9bergement :<\/h4>\n\n\n\n<ul><li>Universit\u00e9 de Lille<\/li><\/ul>\n\n\n\n<h4>Services multim\u00e9dia :<\/h4>\n\n\n\n<p>Afin de vous proposer des contenus multim\u00e9dia (vid\u00e9os, sons, photographies, infographies, cartographies) :<\/p>\n\n\n\n<ul><li>PlateForme Pod de l&rsquo;universit\u00e9 de Lille<\/li><\/ul>\n\n\n\n<h4>Services de communication et r\u00e9seaux sociaux:<\/h4>\n\n\n\n<p>Nous utilisons des service externes pour pour interagir avec les r\u00e9seaux sociaux et communiquer avec vous&nbsp;:<\/p>\n\n\n\n<ul><li>Twitter<\/li><\/ul>\n\n\n\n<h3>Liens externes et int\u00e9gration de donn\u00e9es :<\/h3>\n\n\n\n<p>Le site internet du Colloque contient des liens hypertextes vers d\u2019autres sites. Cependant l&rsquo;Universit\u00e9 de Lille&nbsp; n\u2019a pas la possibilit\u00e9 de v\u00e9rifier le contenu des sites ainsi visit\u00e9s, et n\u2019assumera en cons\u00e9quence aucune responsabilit\u00e9 de ce fait.<\/p>\n","protected":false},"excerpt":{"rendered":"<p>Mentions l\u00e9gales et politique de confidentialit\u00e9 \u00c9diteur Le site web est \u00e9dit\u00e9 par le laboratoire G\u00e9riico de l&rsquo;Universit\u00e9 de Lille H\u00e9bergeur Il est h\u00e9berg\u00e9 par&nbsp;l&rsquo;universit\u00e9 de Lille DSI Universit\u00e9 de Lille &#8211; D\u00e9veloppement des services num\u00e9riques&nbsp; 42 Rue Paul Duez, 59000 Lille Collecte d\u2019informations et traitements : En France, les donn\u00e9es personnelles sont notamment prot\u00e9g\u00e9es &#8230; <a title=\"Mentions l\u00e9gales et politique de confidentialit\u00e9\" class=\"read-more\" href=\"https:\/\/mediasex2020.univ-lille.fr\/?page_id=469\" aria-label=\"En savoir plus sur Mentions l\u00e9gales et politique de confidentialit\u00e9\">Lire la suite<\/a><\/p>\n","protected":false},"author":1,"featured_media":0,"parent":0,"menu_order":0,"comment_status":"closed","ping_status":"closed","template":"","meta":[],"_links":{"self":[{"href":"https:\/\/mediasex2020.univ-lille.fr\/index.php?rest_route=\/wp\/v2\/pages\/469"}],"collection":[{"href":"https:\/\/mediasex2020.univ-lille.fr\/index.php?rest_route=\/wp\/v2\/pages"}],"about":[{"href":"https:\/\/mediasex2020.univ-lille.fr\/index.php?rest_route=\/wp\/v2\/types\/page"}],"author":[{"embeddable":true,"href":"https:\/\/mediasex2020.univ-lille.fr\/index.php?rest_route=\/wp\/v2\/users\/1"}],"replies":[{"embeddable":true,"href":"https:\/\/mediasex2020.univ-lille.fr\/index.php?rest_route=%2Fwp%2Fv2%2Fcomments&post=469"}],"version-history":[{"count":2,"href":"https:\/\/mediasex2020.univ-lille.fr\/index.php?rest_route=\/wp\/v2\/pages\/469\/revisions"}],"predecessor-version":[{"id":625,"href":"https:\/\/mediasex2020.univ-lille.fr\/index.php?rest_route=\/wp\/v2\/pages\/469\/revisions\/625"}],"wp:attachment":[{"href":"https:\/\/mediasex2020.univ-lille.fr\/index.php?rest_route=%2Fwp%2Fv2%2Fmedia&parent=469"}],"curies":[{"name":"wp","href":"https:\/\/api.w.org\/{rel}","templated":true}]}}