{"id":49,"date":"2020-09-29T13:50:21","date_gmt":"2020-09-29T11:50:21","guid":{"rendered":"https:\/\/mediasex2020.univ-lille.fr\/?page_id=49"},"modified":"2020-11-05T14:17:45","modified_gmt":"2020-11-05T13:17:45","slug":"english","status":"publish","type":"page","link":"https:\/\/mediasex2020.univ-lille.fr\/?page_id=49&lang=en","title":{"rendered":"Accueil english"},"content":{"rendered":"\n<p>Welcome to the website of the&nbsp;<span style=\"color:#ff00b3\" class=\"has-inline-color\">Mediating Sexualities<\/span>&nbsp;international conference!<\/p>\n\n\n\n<p>For three days, from November 2<sup>nd<\/sup>\u00a0to 4<sup>th\u00a0<\/sup>2020, we will address together the\u00a0<span style=\"color:#ff0098\" class=\"has-inline-color\">sexual politics\u00a0of media production and regulation.<\/span><\/p>\n\n\n\n<p>By bringing together about thirty researchers working from five different countries, this conference aims to answer questions such as:<\/p>\n\n\n\n<p>&#8211; How are \u00ab\u00a0pornography\u00a0\u00bb and \u00ab\u00a0hate\u00a0\u00bb regulated on social media?<\/p>\n\n\n\n<p>&#8211; How is platform capitalism changing pornography and sex work?<\/p>\n\n\n\n<p>&#8211; What representations of sexuality are considered acceptable on the billboards of French cities?<\/p>\n\n\n\n<p>&#8211; How does sexuality gets scripted for cinema and television?<\/p>\n\n\n\n<p>&#8211; How has #MeToo movement changed the journalistic coverage of sexuality and the gender dynamics inside press newsrooms?<\/p>\n\n\n\n<p>Mediating Sexualities also aims to show how much&nbsp;<span style=\"color:#ff02d5\" class=\"has-inline-color\">feminist and queer approaches<\/span>&nbsp;are important to understand the media ecosystems that organise our public experiences.<\/p>\n\n\n\n<p>This conference is supported by the Ar\u00e8nes and G\u00e9riico research units, and by the University of Lille.<\/p>\n\n\n\n<p>Looking forward!<\/p>\n\n\n\n<p>Yours sincerely,<\/p>\n\n\n\n<p>B\u00e9atrice Damian-Gaillard &amp; Florian V\u00f6r\u00f6s for the conference team<\/p>\n\n\n\n<p>Contact:&nbsp;<span style=\"color:#ff00ea\" class=\"has-inline-color\">mediasexlille@gmail.com<\/span>&nbsp;| Twitter :&nbsp;<a href=\"https:\/\/twitter.com\/mediasex2020\">@mediasex2020<\/a> <span style=\"color:#ff00a6\" class=\"has-inline-color\">#mediasex2020<\/span><\/p>\n\n\n\n<figure class=\"wp-block-image size-large is-resized\"><img loading=\"lazy\" src=\"https:\/\/mediasex2020.univ-lille.fr\/wp-content\/uploads\/2020\/10\/logo-bas-de-page-bon--1024x177.jpg\" alt=\"\" class=\"wp-image-599\" width=\"934\" height=\"161\" srcset=\"https:\/\/mediasex2020.univ-lille.fr\/wp-content\/uploads\/2020\/10\/logo-bas-de-page-bon--1024x177.jpg 1024w, https:\/\/mediasex2020.univ-lille.fr\/wp-content\/uploads\/2020\/10\/logo-bas-de-page-bon--300x52.jpg 300w, https:\/\/mediasex2020.univ-lille.fr\/wp-content\/uploads\/2020\/10\/logo-bas-de-page-bon--768x133.jpg 768w, https:\/\/mediasex2020.univ-lille.fr\/wp-content\/uploads\/2020\/10\/logo-bas-de-page-bon--1536x266.jpg 1536w, https:\/\/mediasex2020.univ-lille.fr\/wp-content\/uploads\/2020\/10\/logo-bas-de-page-bon--2048x355.jpg 2048w\" sizes=\"(max-width: 934px) 100vw, 934px\" \/><\/figure>\n","protected":false},"excerpt":{"rendered":"<p>Welcome to the website of the&nbsp;Mediating Sexualities&nbsp;international conference! For three days, from November 2nd\u00a0to 4th\u00a02020, we will address together the\u00a0sexual politics\u00a0of media production and regulation. By bringing together about thirty researchers working from five different countries, this conference aims to answer questions such as: &#8211; How are \u00ab\u00a0pornography\u00a0\u00bb and \u00ab\u00a0hate\u00a0\u00bb regulated on social media? &#8211; &#8230; <a title=\"Accueil english\" class=\"read-more\" href=\"https:\/\/mediasex2020.univ-lille.fr\/?page_id=49&#038;lang=en\" aria-label=\"En savoir plus sur Accueil english\">Lire la suite<\/a><\/p>\n","protected":false},"author":1,"featured_media":0,"parent":37,"menu_order":0,"comment_status":"closed","ping_status":"closed","template":"","meta":[],"_links":{"self":[{"href":"https:\/\/mediasex2020.univ-lille.fr\/index.php?rest_route=\/wp\/v2\/pages\/49"}],"collection":[{"href":"https:\/\/mediasex2020.univ-lille.fr\/index.php?rest_route=\/wp\/v2\/pages"}],"about":[{"href":"https:\/\/mediasex2020.univ-lille.fr\/index.php?rest_route=\/wp\/v2\/types\/page"}],"author":[{"embeddable":true,"href":"https:\/\/mediasex2020.univ-lille.fr\/index.php?rest_route=\/wp\/v2\/users\/1"}],"replies":[{"embeddable":true,"href":"https:\/\/mediasex2020.univ-lille.fr\/index.php?rest_route=%2Fwp%2Fv2%2Fcomments&post=49"}],"version-history":[{"count":24,"href":"https:\/\/mediasex2020.univ-lille.fr\/index.php?rest_route=\/wp\/v2\/pages\/49\/revisions"}],"predecessor-version":[{"id":1053,"href":"https:\/\/mediasex2020.univ-lille.fr\/index.php?rest_route=\/wp\/v2\/pages\/49\/revisions\/1053"}],"up":[{"embeddable":true,"href":"https:\/\/mediasex2020.univ-lille.fr\/index.php?rest_route=\/wp\/v2\/pages\/37"}],"wp:attachment":[{"href":"https:\/\/mediasex2020.univ-lille.fr\/index.php?rest_route=%2Fwp%2Fv2%2Fmedia&parent=49"}],"curies":[{"name":"wp","href":"https:\/\/api.w.org\/{rel}","templated":true}]}}