{"id":538,"date":"2020-10-09T08:53:43","date_gmt":"2020-10-09T06:53:43","guid":{"rendered":"https:\/\/mediasex2020.univ-lille.fr\/?page_id=538"},"modified":"2020-10-09T08:53:43","modified_gmt":"2020-10-09T06:53:43","slug":"capter-lattention-creer-sa-griffe-co-produire-des-contenus-pornographiques-en-direct-a-lheure-du-capitalisme-de-plateforme","status":"publish","type":"page","link":"https:\/\/mediasex2020.univ-lille.fr\/?page_id=538","title":{"rendered":"\u00ab Capter l\u2019attention, cr\u00e9er sa griffe : co-produire des contenus pornographiques en direct \u00e0 l\u2019heure du capitalisme de plateforme \u00bb"},"content":{"rendered":"\n<p class=\"has-text-align-center\">\u00ab\u00a0Capter l\u2019attention, cr\u00e9er sa griffe\u00a0: co-produire des contenus pornographiques en direct \u00e0 l\u2019heure du capitalisme de plateforme\u00a0\u00bb<\/p>\n\n\n\n<p>Au cours des dix derni\u00e8res ann\u00e9es, l\u2019\u00e9conomie des plateformes en ligne a connu une croissance extr\u00eamement rapide. De nombreuses \u00e9tudes ont analys\u00e9 l\u2019\u00e9mergence du capitalisme de plateforme et ses effets sur le travail, l\u2019emploi et la consommation (Scholz, 2013&nbsp;;&nbsp;van Doorn, 2017 ; Abdelnour, M\u00e9da, 2019 ; Naulin, Jourdain, 2019 ; Casilli, 2019). Si certains types de plateformes ont \u00e9t\u00e9 \u00e9tudi\u00e9s de mani\u00e8re approfondie (Fuchs, 2014 ; Einav et al., 2016 ; Rosenblat, Stark, 2016 ; Scholz, 2017 ; Schor, Attwood-Charles, 2017 ; van Doorn, 2019), les chercheurs.ses ignorent encore largement celles li\u00e9es \u00e0 la sexualit\u00e9 (Jones, 2020&nbsp;; Brasseur, Finez, 2019&nbsp;; van Doorn, Velthuis, 2018) qui repr\u00e9sentent une \u00e9conomie difficilement estim\u00e9e \u00e0 plusieurs milliards de dollars (Paasonen, Jarrett, Light, 2019).&nbsp;<\/p>\n\n\n\n<p>Dans cette communication nous porterons notre attention sur les plateformes de sexcamming, et plus sp\u00e9cifiquement sur le cycle de l\u2019information entre les diffuseurs.ses, leur audience, et la plateforme.&nbsp;La particularit\u00e9 du dispositif de production et de diffusion r\u00e9side dans l\u2019existence d\u2019une double r\u00e9gulation. Celle-ci consiste, en&nbsp;<em>premier lieu<\/em>, dans la mise en \u0153uvre d\u2019une micro-messagerie instantan\u00e9e introduisant une modalit\u00e9 de r\u00e9troaction de l\u2019audience sur le d\u00e9roulement du spectacle. Les spectateurs sont ainsi engag\u00e9s par leurs interactions verbales et leurs contributions financi\u00e8res dans un syst\u00e8me de production o\u00f9 se m\u00ealent n\u00e9gociation et ench\u00e8re publique visant \u00e0 lever les limites fix\u00e9es par les mod\u00e8les sur leurs performances. Elle r\u00e9side, en&nbsp;<em>second lieu,<\/em>&nbsp;au niveau de la plateforme dans l\u2019organisation instantan\u00e9e d\u2019une mise en concurrence des prestations dans un bouquet d\u2019offres simultan\u00e9es se renouvelant en permanence. Ainsi, l\u2019audience est susceptible de se composer et de se d\u00e9faire, en fonction d\u2019offres alternatives et de leurs attraits. Capter l\u2019attention (Citton, 2014), mais aussi cr\u00e9er sa griffe (Bourdieu, 1975) sont alors des enjeux strat\u00e9giques pour les mod\u00e8les, qui passent par une ma\u00eetrise accrue de tactiques et des m\u00e9canismes de production, impliquant un positionnement diff\u00e9renci\u00e9 ainsi qu\u2019une communication globale multi-support.&nbsp;Quelles modalit\u00e9s de co-production des contenus entre audience et mod\u00e8les se d\u00e9veloppent sur les plateformes de sexcamming&nbsp;? Comment les tactiques d\u2019intervention des spectateurs.trices, et les strat\u00e9gies de captation et de diff\u00e9renciation des diffuseurs.ses s\u2019articulent-elles?<\/p>\n\n\n\n<p>Notre \u00e9tude associant la sociologie et les sciences de l\u2019information et de la communication repose sur une m\u00e9thodologie mixte quantitative et qualitative originale. Celle-ci implique diff\u00e9rents jeux de donn\u00e9es extraits d\u2019une plateforme de sexcamming \u2014&nbsp;<a href=\"http:\/\/cam4.fr\/\" target=\"_blank\" rel=\"noreferrer noopener\">cam4.fr<\/a>&nbsp;\u2014, issus d\u2019une technique innovante de chrono-scrapping mise en \u0153uvre en continu (Francony et al., 2020). Parall\u00e8lement, des entretiens semi-directifs ont \u00e9t\u00e9 men\u00e9s avec des&nbsp;<a href=\"http:\/\/producteur.es\/\" target=\"_blank\" rel=\"noreferrer noopener\">producteur.es<\/a>&nbsp;de contenus hommes et femmes (30 interviews) et des spectateurs hommes (17 interviews).&nbsp;<\/p>\n","protected":false},"excerpt":{"rendered":"<p>\u00ab\u00a0Capter l\u2019attention, cr\u00e9er sa griffe\u00a0: co-produire des contenus pornographiques en direct \u00e0 l\u2019heure du capitalisme de plateforme\u00a0\u00bb Au cours des dix derni\u00e8res ann\u00e9es, l\u2019\u00e9conomie des plateformes en ligne a connu une croissance extr\u00eamement rapide. De nombreuses \u00e9tudes ont analys\u00e9 l\u2019\u00e9mergence du capitalisme de plateforme et ses effets sur le travail, l\u2019emploi et la consommation (Scholz, &#8230; <a title=\"\u00ab Capter l\u2019attention, cr\u00e9er sa griffe : co-produire des contenus pornographiques en direct \u00e0 l\u2019heure du capitalisme de plateforme \u00bb\" class=\"read-more\" href=\"https:\/\/mediasex2020.univ-lille.fr\/?page_id=538\" aria-label=\"En savoir plus sur \u00ab Capter l\u2019attention, cr\u00e9er sa griffe : co-produire des contenus pornographiques en direct \u00e0 l\u2019heure du capitalisme de plateforme \u00bb\">Lire la suite<\/a><\/p>\n","protected":false},"author":1,"featured_media":0,"parent":0,"menu_order":0,"comment_status":"closed","ping_status":"closed","template":"","meta":[],"_links":{"self":[{"href":"https:\/\/mediasex2020.univ-lille.fr\/index.php?rest_route=\/wp\/v2\/pages\/538"}],"collection":[{"href":"https:\/\/mediasex2020.univ-lille.fr\/index.php?rest_route=\/wp\/v2\/pages"}],"about":[{"href":"https:\/\/mediasex2020.univ-lille.fr\/index.php?rest_route=\/wp\/v2\/types\/page"}],"author":[{"embeddable":true,"href":"https:\/\/mediasex2020.univ-lille.fr\/index.php?rest_route=\/wp\/v2\/users\/1"}],"replies":[{"embeddable":true,"href":"https:\/\/mediasex2020.univ-lille.fr\/index.php?rest_route=%2Fwp%2Fv2%2Fcomments&post=538"}],"version-history":[{"count":1,"href":"https:\/\/mediasex2020.univ-lille.fr\/index.php?rest_route=\/wp\/v2\/pages\/538\/revisions"}],"predecessor-version":[{"id":540,"href":"https:\/\/mediasex2020.univ-lille.fr\/index.php?rest_route=\/wp\/v2\/pages\/538\/revisions\/540"}],"wp:attachment":[{"href":"https:\/\/mediasex2020.univ-lille.fr\/index.php?rest_route=%2Fwp%2Fv2%2Fmedia&parent=538"}],"curies":[{"name":"wp","href":"https:\/\/api.w.org\/{rel}","templated":true}]}}