{"id":549,"date":"2020-10-09T11:58:35","date_gmt":"2020-10-09T09:58:35","guid":{"rendered":"https:\/\/mediasex2020.univ-lille.fr\/?page_id=549"},"modified":"2020-11-05T14:17:59","modified_gmt":"2020-11-05T13:17:59","slug":"549-2","status":"publish","type":"page","link":"https:\/\/mediasex2020.univ-lille.fr\/?page_id=549&lang=es","title":{"rendered":""},"content":{"rendered":"\n<p>Bienvenidas a la p\u00e1gina web de la conferencia internacional&nbsp;<span style=\"color:#ff00c3\" class=\"has-inline-color\">Mediatiser le sexualit\u00e9s |&nbsp;Mediating Sexualities.<\/span><\/p>\n\n\n\n<p>Durante tres d\u00edas, del lunes 2 al mi\u00e9rcoles 4 de noviembre de 2020, cuestionaremos juntas <span style=\"color:#ff00e6\" class=\"has-inline-color\">las pol\u00edticas sexuales de la producci\u00f3n y regulaci\u00f3n de los medios de comunicaci\u00f3n.<\/span><\/p>\n\n\n\n<p>Esta conferencia, que re\u00fane a unas treinta investigadoras que trabajan desde cinco pa\u00edses diferentes, tiene como objetivo responder a preguntas tipo:<\/p>\n\n\n\n<p>\u00bfC\u00f3mo se regulan la \u00ab\u00a0pornograf\u00eda\u00a0\u00bb y el \u00ab\u00a0odio\u00a0\u00bb en las redes sociales digitales?<\/p>\n\n\n\n<p>\u00bfC\u00f3mo est\u00e1 cambiando la econom\u00eda de la pornograf\u00eda con el capitalismo de plataforma?<\/p>\n\n\n\n<p>\u00bfQu\u00e9 representaciones de la sexualidad se consideran hoy en d\u00eda aceptables en las vallas publicitarias de las ciudades francesas?<\/p>\n\n\n\n<p>\u00bfC\u00f3mo se escriben las representaciones de la sexualidad para el cine y la televisi\u00f3n?<\/p>\n\n\n\n<p>\u00bfQu\u00e9 ha cambiado #MeToo en el tratamiento period\u00edstico de la sexualidad y en el funcionamiento interno de las redacciones de prensa?<\/p>\n\n\n\n<p>Esta conferencia tambi\u00e9n tiene como objetivo m\u00e1s amplio valorar el aporte de los&nbsp;<span style=\"color:#ff00d4\" class=\"has-inline-color\">enfoques feministas y queer<\/span>&nbsp;para la comprensi\u00f3n de los ecosistemas mediaticos que organizan nuestras experiencias p\u00fablicas.<\/p>\n\n\n\n<p>Cuenta con el apoyo de los grupos de investagici\u00f3n Ar\u00e8nes y G\u00e9riico, as\u00ed como de la Universidad de Lille.<\/p>\n\n\n\n<p>\u00a1Hasta pronto!<\/p>\n\n\n\n<p>Atentamente,<\/p>\n\n\n\n<p>B\u00e9atrice Damian-Gaillard y Florian V\u00f6r\u00f6s para el equipo de conferencia<\/p>\n\n\n\n<p>Contacto:&nbsp;<span style=\"color:#ff01c4\" class=\"has-inline-color\">mediasexlille@gmail.com<\/span>&nbsp;| Twitter :&nbsp;<a href=\"https:\/\/twitter.com\/mediasex2020\">@mediasex2020<\/a> <span style=\"color:#ff00c8\" class=\"has-inline-color\">#mediasex2020<\/span><\/p>\n","protected":false},"excerpt":{"rendered":"<p>Bienvenidas a la p\u00e1gina web de la conferencia internacional&nbsp;Mediatiser le sexualit\u00e9s |&nbsp;Mediating Sexualities. Durante tres d\u00edas, del lunes 2 al mi\u00e9rcoles 4 de noviembre de 2020, cuestionaremos juntas las pol\u00edticas sexuales de la producci\u00f3n y regulaci\u00f3n de los medios de comunicaci\u00f3n. Esta conferencia, que re\u00fane a unas treinta investigadoras que trabajan desde cinco pa\u00edses diferentes, &#8230; <a title=\"\" class=\"read-more\" href=\"https:\/\/mediasex2020.univ-lille.fr\/?page_id=549&#038;lang=es\" aria-label=\"En savoir plus sur \">Lire la suite<\/a><\/p>\n","protected":false},"author":1,"featured_media":0,"parent":0,"menu_order":0,"comment_status":"closed","ping_status":"closed","template":"","meta":[],"_links":{"self":[{"href":"https:\/\/mediasex2020.univ-lille.fr\/index.php?rest_route=\/wp\/v2\/pages\/549"}],"collection":[{"href":"https:\/\/mediasex2020.univ-lille.fr\/index.php?rest_route=\/wp\/v2\/pages"}],"about":[{"href":"https:\/\/mediasex2020.univ-lille.fr\/index.php?rest_route=\/wp\/v2\/types\/page"}],"author":[{"embeddable":true,"href":"https:\/\/mediasex2020.univ-lille.fr\/index.php?rest_route=\/wp\/v2\/users\/1"}],"replies":[{"embeddable":true,"href":"https:\/\/mediasex2020.univ-lille.fr\/index.php?rest_route=%2Fwp%2Fv2%2Fcomments&post=549"}],"version-history":[{"count":2,"href":"https:\/\/mediasex2020.univ-lille.fr\/index.php?rest_route=\/wp\/v2\/pages\/549\/revisions"}],"predecessor-version":[{"id":1054,"href":"https:\/\/mediasex2020.univ-lille.fr\/index.php?rest_route=\/wp\/v2\/pages\/549\/revisions\/1054"}],"wp:attachment":[{"href":"https:\/\/mediasex2020.univ-lille.fr\/index.php?rest_route=%2Fwp%2Fv2%2Fmedia&parent=549"}],"curies":[{"name":"wp","href":"https:\/\/api.w.org\/{rel}","templated":true}]}}