{"id":678,"date":"2020-10-13T08:41:42","date_gmt":"2020-10-13T06:41:42","guid":{"rendered":"https:\/\/mediasex2020.univ-lille.fr\/?page_id=678"},"modified":"2020-10-13T08:41:43","modified_gmt":"2020-10-13T06:41:43","slug":"la-citoyenne-sexuelle-cinematographique-de-studio-d","status":"publish","type":"page","link":"https:\/\/mediasex2020.univ-lille.fr\/?page_id=678","title":{"rendered":"\u00ab La citoyenne sexuelle-cin\u00e9matographique de Studio D \u00bb"},"content":{"rendered":"\n<p class=\"has-text-align-center\">\u00ab\u00a0La citoyenne sexuelle-cin\u00e9matographique de Studio D \u00bb<\/p>\n\n\n\n<p>Studio D, le d\u00e9funt laboratoire des femmes de l\u2019Office national du film canadien, est c\u00e9l\u00e8bre pour avoir contribu\u00e9 \u00e0 l\u2019\u00e9mergence d\u2019une g\u00e9n\u00e9ration de femmes cin\u00e9astes engag\u00e9es dans le cin\u00e9ma documentaire militant. De 1974 \u00e0 1996, Studio D a produit environ 150 films, documentant presque toutes les grandes questions du mouvement des femmes&#8230; sauf une : la sexualit\u00e9. La politique sexuelle du plaisir est largement absente du corpus de Studio D, avec seulement trois documentaires produits autour de cette th\u00e9matique. Je soutiens que, malgr\u00e9 les pr\u00e9tentions du studio \u00e0 repr\u00e9senter la citoyennet\u00e9 internationale des femmes, il a en fait reconduit un sujet-femme infantilis\u00e9e, devant faire l\u2019objet d\u2019une responsabilisation sexuelle, en lien avec les int\u00e9r\u00eats nationaux. Il n\u2019est pas surprenant que cette sexualit\u00e9 soit h\u00e9t\u00e9ronorm\u00e9e, monogame, et reproductive. Studio D peut \u00eatre envisag\u00e9 comme un \u00ab\u00a0espace agoniste\u00a0\u00bb (Mouffe 2007) au sein duquel les pratiques h\u00e9g\u00e9moniques et contre-h\u00e9g\u00e9moniques se sont affront\u00e9es pour produire \u00e0 la fois un consensus r\u00e9pressif au sein du m\u00e9diactivisme f\u00e9ministe et son refus radical. Une lecture serr\u00e9e de\u00a0<em>Not a Love Story<\/em>\u00a0(1981),\u00a0<em>Toward Intimacy<\/em>\u00a0(1992) et\u00a0<em>Forbidden Love<\/em>\u00a0(1992) d\u00e9montre que Studio D \u00e9tait \u00e0 la fois un d\u00e9fi \u00e0 la morale nationale et un cadre conventionnel de citoyennet\u00e9 sexuelle bas\u00e9 sur l\u2019amour, l\u2019intimit\u00e9 et l\u2019eros-spiritualit\u00e9.<\/p>\n","protected":false},"excerpt":{"rendered":"<p>\u00ab\u00a0La citoyenne sexuelle-cin\u00e9matographique de Studio D \u00bb Studio D, le d\u00e9funt laboratoire des femmes de l\u2019Office national du film canadien, est c\u00e9l\u00e8bre pour avoir contribu\u00e9 \u00e0 l\u2019\u00e9mergence d\u2019une g\u00e9n\u00e9ration de femmes cin\u00e9astes engag\u00e9es dans le cin\u00e9ma documentaire militant. De 1974 \u00e0 1996, Studio D a produit environ 150 films, documentant presque toutes les grandes questions &#8230; <a title=\"\u00ab La citoyenne sexuelle-cin\u00e9matographique de Studio D \u00bb\" class=\"read-more\" href=\"https:\/\/mediasex2020.univ-lille.fr\/?page_id=678\" aria-label=\"En savoir plus sur \u00ab La citoyenne sexuelle-cin\u00e9matographique de Studio D \u00bb\">Lire la suite<\/a><\/p>\n","protected":false},"author":1,"featured_media":0,"parent":0,"menu_order":0,"comment_status":"closed","ping_status":"closed","template":"","meta":[],"_links":{"self":[{"href":"https:\/\/mediasex2020.univ-lille.fr\/index.php?rest_route=\/wp\/v2\/pages\/678"}],"collection":[{"href":"https:\/\/mediasex2020.univ-lille.fr\/index.php?rest_route=\/wp\/v2\/pages"}],"about":[{"href":"https:\/\/mediasex2020.univ-lille.fr\/index.php?rest_route=\/wp\/v2\/types\/page"}],"author":[{"embeddable":true,"href":"https:\/\/mediasex2020.univ-lille.fr\/index.php?rest_route=\/wp\/v2\/users\/1"}],"replies":[{"embeddable":true,"href":"https:\/\/mediasex2020.univ-lille.fr\/index.php?rest_route=%2Fwp%2Fv2%2Fcomments&post=678"}],"version-history":[{"count":1,"href":"https:\/\/mediasex2020.univ-lille.fr\/index.php?rest_route=\/wp\/v2\/pages\/678\/revisions"}],"predecessor-version":[{"id":679,"href":"https:\/\/mediasex2020.univ-lille.fr\/index.php?rest_route=\/wp\/v2\/pages\/678\/revisions\/679"}],"wp:attachment":[{"href":"https:\/\/mediasex2020.univ-lille.fr\/index.php?rest_route=%2Fwp%2Fv2%2Fmedia&parent=678"}],"curies":[{"name":"wp","href":"https:\/\/api.w.org\/{rel}","templated":true}]}}