{"id":92,"date":"2020-09-29T15:48:56","date_gmt":"2020-09-29T13:48:56","guid":{"rendered":"https:\/\/mediasex2020.univ-lille.fr\/?page_id=92"},"modified":"2020-11-02T15:13:56","modified_gmt":"2020-11-02T14:13:56","slug":"program-of-the-conference","status":"publish","type":"page","link":"https:\/\/mediasex2020.univ-lille.fr\/?page_id=92&lang=en","title":{"rendered":"Program of the Conference"},"content":{"rendered":"\n<p><\/p>\n\n\n\n<p class=\"has-text-align-center\"><em>Our time reference is GMT+<\/em>2<\/p>\n\n\n\n<p class=\"has-text-align-center\"><strong>Monday November 2<sup>nd<\/sup><\/strong><\/p>\n\n\n\n<p class=\"has-text-align-center\"><strong><span style=\"color:#ff00dd\" class=\"has-inline-color\">Moderating sexualities<\/span><\/strong><\/p>\n\n\n\n<p>5pm. Introduction by B\u00e9atrice Damian-Gaillard (Ar\u00e8nes, Universit\u00e9 de Rennes 1) &amp; Florian V\u00f6r\u00f6s (Geriico, Universit\u00e9 de Lille)<\/p>\n\n\n\n<p class=\"has-text-align-center\"><span style=\"color:#ff0090\" class=\"has-inline-color\">Keynote conferences<\/span><\/p>\n\n\n\n<p>5:30pm. <a href=\"https:\/\/mediasex2020.univ-lille.fr\/?page_id=645&amp;lang=en\">Susanna Paasonen (University of Turku)<\/a>, <a href=\"https:\/\/mediasex2020.univ-lille.fr\/?page_id=652&amp;lang=en\">\u201cPuritan echoes, risky bodies and the value of sex in social media\u201d<\/a><\/p>\n\n\n\n<p>6pm.&nbsp;<a href=\"https:\/\/mediasex2020.univ-lille.fr\/?page_id=637&amp;lang=en\">Sharif Mowlabocus (Fordham&nbsp;University)<\/a>, <a href=\"https:\/\/mediasex2020.univ-lille.fr\/?page_id=658&amp;lang=en\">\u201cKindr Grindr? Moderating Race(ism) in technspaces of desire\u201d<\/a><\/p>\n\n\n\n<p>6:30pm.&nbsp;Live discussion<\/p>\n\n\n\n<p class=\"has-text-align-center\"><strong>Tuesday November 3<\/strong><strong><sup>rd<\/sup><\/strong><\/p>\n\n\n\n<p class=\"has-text-align-center\"><strong><span style=\"color:#ff00ae\" class=\"has-inline-color\">Social media<\/span><\/strong><\/p>\n\n\n\n<p>9:30am. <a href=\"https:\/\/mediasex2020.univ-lille.fr\/?page_id=735&amp;lang=en\">Virginie Julliard (Gripic, Universit\u00e9 Paris Sorbonne)<\/a>, <a href=\"https:\/\/mediasex2020.univ-lille.fr\/?page_id=743&amp;lang=en\">\u201cThe knight and Brigitte Bardot against #najatvb and the \u00ab\u00a0pregnant man\u00a0\u00bb: Gender and sexual dimensions of affects and reassurance of the \u00ab\u00a0Sexual Difference\u00a0\u00bb in the debate on \u00ab\u00a0gender theory\u00a0\u00bb on Twitter\u201d<\/a><\/p>\n\n\n\n<p>9:50am. <a href=\"https:\/\/mediasex2020.univ-lille.fr\/?page_id=717&amp;lang=en\">Andrea Zanotti (Irm\u00e9ccen, Universit\u00e9 Sorbonne Nouvelle)<\/a>, <a href=\"https:\/\/mediasex2020.univ-lille.fr\/?page_id=793&amp;lang=en\">\u201cNegotiating and reproducing gender norms on gay dating app Scruff\u201d<\/a><\/p>\n\n\n\n<p>10:10am.&nbsp;Live discussion chaired by&nbsp;Coralie Le Caroff&nbsp;(Cerlis, Universit\u00e9 de Paris)<\/p>\n\n\n\n<p class=\"has-text-align-center\"><strong><span style=\"color:#ff0191\" class=\"has-inline-color\">Media infastructure<\/span><\/strong><\/p>\n\n\n\n<p>11am. <a href=\"https:\/\/mediasex2020.univ-lille.fr\/?page_id=515&amp;lang=en\">Marion Coville (Universit\u00e9 de Poitiers)<\/a>, <a href=\"https:\/\/mediasex2020.univ-lille.fr\/?page_id=520&amp;lang=en\">\u201cThe sexual policies of museum visiting. How does the imaginary of a family visit produces a heteronormative script?\u201d<\/a><\/p>\n\n\n\n<p>11:20am. <a href=\"https:\/\/mediasex2020.univ-lille.fr\/?page_id=752&amp;lang=en\">Fred Pailler (Universit\u00e9 de Nantes)<\/a>, <a href=\"https:\/\/mediasex2020.univ-lille.fr\/?page_id=761&amp;lang=en\">\u201cm\/f exclusive binarism and the implicitation of sex on digital plateforms\u201d<\/a><\/p>\n\n\n\n<p>11:40am. <a href=\"https:\/\/mediasex2020.univ-lille.fr\/?page_id=350&amp;lang=en\">Robert Payne (American University of Paris)<\/a>, <a href=\"https:\/\/mediasex2020.univ-lille.fr\/?page_id=439&amp;lang=en\">\u201cQueer fits: Toward a queer theory of media formats\u201d<\/a><\/p>\n\n\n\n<p>12am.&nbsp;live&nbsp;discussion&nbsp;chaired by&nbsp;B\u00e9atrice Micheau&nbsp;(Geriico, Universit\u00e9 de Lille)<\/p>\n\n\n\n<p class=\"has-text-align-center\"><strong><span style=\"color:#ff00bb\" class=\"has-inline-color\">Advertising sexualities<\/span><\/strong><\/p>\n\n\n\n<p>2pm. <a href=\"https:\/\/mediasex2020.univ-lille.fr\/?page_id=354&amp;lang=en\">Keyvan Gorbanzadeh (Cessp, Universit\u00e9 Paris 1 Panth\u00e9on Sorbonne)<\/a>, <a href=\"https:\/\/mediasex2020.univ-lille.fr\/?page_id=444&amp;lang=en\">\u201cFreed from decency? The sexual regulation of advertising\u201d<\/a><\/p>\n\n\n\n<p>2:20pm. <a href=\"https:\/\/mediasex2020.univ-lille.fr\/?page_id=357&amp;lang=en\">Elise Marsicano (Sage, Universit\u00e9 de Strasbourg)<\/a>, <a href=\"https:\/\/mediasex2020.univ-lille.fr\/?page_id=450&amp;lang=en\">\u201c<em>S\u2019aimer, s\u2019\u00e9clater, s\u2019oublier.<\/em>&nbsp;When a French public health agency takes risks in a campaign against AIDS\u201d<\/a><\/p>\n\n\n\n<p>2:40pm. <a href=\"https:\/\/mediasex2020.univ-lille.fr\/?page_id=360&amp;lang=en\">C\u00e9cile Loriato, (Ceditec, Universit\u00e9 Paris Est Cr\u00e9teil)<\/a>, <a href=\"https:\/\/mediasex2020.univ-lille.fr\/?page_id=454&amp;lang=en\">\u201cThe visibily of homosexuality in public space as an issue of HIV\/AIDS prevention\u201d<\/a><\/p>\n\n\n\n<p>3pm. Live discussion chaired by Marion Dalibert (Geriico, Universit\u00e9 de Lille)<\/p>\n\n\n\n<p class=\"has-text-align-center\"><strong><span style=\"color:#ff009d\" class=\"has-inline-color\">Social justice movements<\/span><\/strong><\/p>\n\n\n\n<p>4pm. <a href=\"https:\/\/mediasex2020.univ-lille.fr\/?page_id=363&amp;lang=en\">Vivien Sold\u00e9 (Cerep, Universit\u00e9 de Reims)<\/a>, <a href=\"https:\/\/mediasex2020.univ-lille.fr\/?page_id=460&amp;lang=en\">\u201cWhat is good porn? Confesional and secular film-club federations facing sex on screens\u201d<\/a><\/p>\n\n\n\n<p>4:20pm. <a href=\"https:\/\/mediasex2020.univ-lille.fr\/?page_id=675&amp;lang=en\">Rebecca Sullivan (Calgary University)<\/a>, <a href=\"https:\/\/mediasex2020.univ-lille.fr\/?page_id=680&amp;lang=en\">\u201cThe sexual-cinematic citizen of Studio D\u201d<\/a><\/p>\n\n\n\n<p>4:40pm. <a href=\"https:\/\/mediasex2020.univ-lille.fr\/?page_id=366&amp;lang=en\">Ir\u00e8ne Despontin Lef\u00e8vre (Carism, Universit\u00e9 Paris 2 Panh\u00e9on-Assas)<\/a>, <a href=\"https:\/\/mediasex2020.univ-lille.fr\/?page_id=466&amp;lang=en\">\u201c#NousToutes, towards a violence\u2019s normalization?\u201d<\/a><\/p>\n\n\n\n<p>5pm. Live discussion chaired by Eug\u00e9nie Saitta (Ar\u00e8nes, Universit\u00e9 de Rennes 1)<\/p>\n\n\n\n<p class=\"has-text-align-center\"><strong class=\"\"><span style=\"color:#f403ab\" class=\"has-inline-color\">Women who make porn<\/span><\/strong><\/p>\n\n\n\n<p>6pm. Screeing of the video\u00a0<a rel=\"noreferrer noopener\" href=\"https:\/\/mediasex2020.univ-lille.fr\/?page_id=369&amp;lang=en\" target=\"_blank\">Eva Vocz (F\u00e9d\u00e9ration Parapluie Rouge)<\/a>\u00a0:\u00a0<a rel=\"noreferrer noopener\" href=\"https:\/\/mediasex2020.univ-lille.fr\/?page_id=530&amp;lang=en\" target=\"_blank\">\u201cA good censor must know how to call a pussy by its name\u201d<\/a><br><\/p>\n\n\n\n<p>6:30pm. Conversation with Eva Vocz, V\u00e9ra Flynn (STRASS, sex workers\u2019 trade union) and Carmina (Le Tag Parfait)<\/p>\n\n\n\n<p>The Performance \u201cHow to be (really) rich with porn\u201d by\u00a0<a rel=\"noreferrer noopener\" href=\"https:\/\/mediasex2020.univ-lille.fr\/?page_id=369&amp;lang=en\" target=\"_blank\">Eva Vocz<\/a>\u00a0&amp;\u00a0<a rel=\"noreferrer noopener\" href=\"https:\/\/mediasex2020.univ-lille.fr\/?page_id=685&amp;lang=en\" target=\"_blank\">Robyn Chien (Puppy Please)<\/a>, curated by Latitudes contemporaines, is postponed due to recent confinement measures in France.<\/p>\n\n\n\n<p class=\"has-text-align-center\"><strong>Mercredi&nbsp;<\/strong><strong>4 novembre<\/strong><\/p>\n\n\n\n<p class=\"has-text-align-center\"><strong><span style=\"color:#ff00bb\" class=\"has-inline-color\">Screening sex<\/span><\/strong><\/p>\n\n\n\n<p>9am. <a href=\"https:\/\/mediasex2020.univ-lille.fr\/?page_id=347&amp;lang=en\">Ariane Temkine (Cral, Ehess)<\/a>, <a href=\"https:\/\/mediasex2020.univ-lille.fr\/?page_id=475&amp;lang=en\">\u201cQueer coding: an eye-opener of heteronormativity in Disney\u2019s animated movie (1937-1999)\u00a0\u00bb<\/a><\/p>\n\n\n\n<p>9:20am. <a href=\"https:\/\/mediasex2020.univ-lille.fr\/?page_id=372&amp;lang=en\">Sarah L\u00e9cossais (LabSIC, Universit\u00e9 Paris 13)<\/a>, <a href=\"https:\/\/mediasex2020.univ-lille.fr\/?page_id=479\">\u201cWriting for French TV shows: how to manage sexualities in terms of characters and topics?\u201d<\/a><\/p>\n\n\n\n<p>9:40am.<a href=\"https:\/\/mediasex2020.univ-lille.fr\/?page_id=375&amp;lang=en\"> D\u00e9borah Gay (Lerass, Universit\u00e9 de Toulouse Paul Sabatier)<\/a>, <a href=\"https:\/\/mediasex2020.univ-lille.fr\/?page_id=485&amp;lang=en\">\u201cFiction and homonormativity: representation of LGBT characters in a webseries (France T\u00e9l\u00e9visions)\u201d<\/a><\/p>\n\n\n\n<p>10am. Live discussion chaired by Juliette Dalbavie (Geriico, Universit\u00e9 de Lille)<\/p>\n\n\n\n<p class=\"has-text-align-center\"><strong><span style=\"color:#ff09de\" class=\"has-inline-color\">Sexcam&nbsp;platforms<\/span><\/strong><\/p>\n\n\n\n<p>11am. <a href=\"https:\/\/mediasex2020.univ-lille.fr\/?page_id=378&amp;lang=en\">Arnaud Anciaux<\/a>, <a href=\"https:\/\/mediasex2020.univ-lille.fr\/?page_id=401&amp;lang=en\">Julie Alice Grammaccia<\/a> &amp; <a href=\"https:\/\/mediasex2020.univ-lille.fr\/?page_id=381&amp;lang=en\">Iris Gaudin (Laval University)<\/a>, <a href=\"https:\/\/mediasex2020.univ-lille.fr\/?page_id=492&amp;lang=en\">\u201cCompeting narratives and strategies: understanding the discursive economy around sexcamming platforms\u201d<\/a><\/p>\n\n\n\n<p>11:20am. <a href=\"https:\/\/mediasex2020.univ-lille.fr\/?page_id=384&amp;lang=en\">Jean-Marc Francony (Gresec)<\/a> et <a href=\"https:\/\/mediasex2020.univ-lille.fr\/?page_id=536&amp;lang=en\">Pierre Brasseur (Pacte, Universit\u00e9 de Grenoble)<\/a>, <a href=\"https:\/\/mediasex2020.univ-lille.fr\/?page_id=541&amp;lang=en\">\u201cAttracting and branding: co-producing live pornographic content in the age of platform capitalism\u00a0\u00bb<\/a><\/p>\n\n\n\n<p>11:40am. Live discussion chaired by Sandy Monta\u00f1ola (Ar\u00e8nes, Universit\u00e9 de Rennes 1)<\/p>\n\n\n\n<p class=\"has-text-align-center\"><strong><span style=\"color:#ff00d0\" class=\"has-inline-color\">Journalistic framings<\/span><\/strong><\/p>\n\n\n\n<p class=\"has-text-align-center\"><strong><span style=\"color:#ff00d4\" class=\"has-inline-color\">Sexual violence<\/span><\/strong><\/p>\n\n\n\n<p>2pm. <a href=\"https:\/\/mediasex2020.univ-lille.fr\/?page_id=386&amp;lang=en\">Jeanne Wetzels (Carism, Universit\u00e9 Paris 2 Panth\u00e9on-Sorbonne)<\/a>, <a href=\"https:\/\/mediasex2020.univ-lille.fr\/?page_id=499&amp;lang=en\">\u201cWhat media space for sexual violence in times of armed conflict? An overview of media coverage in&nbsp;<em>Le Monde<\/em>&nbsp;since 1944\u201d<\/a><\/p>\n\n\n\n<p>2:20pm. <a href=\"https:\/\/mediasex2020.univ-lille.fr\/?page_id=389&amp;lang=en\">Laure Beaulieu (LabSIC, Universit\u00e9 Paris 13)<\/a>, <a href=\"https:\/\/mediasex2020.univ-lille.fr\/?page_id=505&amp;lang=en\">\u201cEvolution of journalistic practices on issues related to sexual violence among French daily press journalists in the post-Metoo context\u201d<\/a><\/p>\n\n\n\n<p class=\"has-text-align-center\"><strong><span style=\"color:#ff0099\" class=\"has-inline-color\">Closing keynote<\/span><\/strong><\/p>\n\n\n\n<p>2:40pm. <a href=\"https:\/\/mediasex2020.univ-lille.fr\/?page_id=392&amp;lang=en\">Florence Le Cam (Universit\u00e9 Libre de Bruxelles)<\/a> &amp; <a href=\"https:\/\/mediasex2020.univ-lille.fr\/?page_id=395&amp;lang=en\">Manon Libert (Universit\u00e9 de Mons)<\/a>, <a href=\"https:\/\/mediasex2020.univ-lille.fr\/?page_id=510&amp;lang=en\">\u201cThe newsroom, a \u201cgender neutral\u201d and \u201cnon sexual\u201d workspace?\u201d<\/a><\/p>\n\n\n\n<p class=\"has-text-align-center\"><strong><span style=\"color:#ff009d\" class=\"has-inline-color\">To talk and to make people talk about sexuality<\/span><\/strong><\/p>\n\n\n\n<p>3:15pm. Live discussion with <a href=\"https:\/\/www.mediapart.fr\/biographie\/lenaig-bredoux\">L\u00e9na\u00efg Bredoux (Mediapart)<\/a> &amp; <a href=\"http:\/\/lesjournalopes.fr\/index.php\/portfolio-category\/pauline\/\">Pauline Verduzier (Les Journalopes)<\/a><\/p>\n","protected":false},"excerpt":{"rendered":"<p>Our time reference is GMT+2 Monday November 2nd Moderating sexualities 5pm. Introduction by B\u00e9atrice Damian-Gaillard (Ar\u00e8nes, Universit\u00e9 de Rennes 1) &amp; Florian V\u00f6r\u00f6s (Geriico, Universit\u00e9 de Lille) Keynote conferences 5:30pm. Susanna Paasonen (University of Turku), \u201cPuritan echoes, risky bodies and the value of sex in social media\u201d 6pm.&nbsp;Sharif Mowlabocus (Fordham&nbsp;University), \u201cKindr Grindr? Moderating Race(ism) in &#8230; <a title=\"Program of the Conference\" class=\"read-more\" href=\"https:\/\/mediasex2020.univ-lille.fr\/?page_id=92&#038;lang=en\" aria-label=\"En savoir plus sur Program of the Conference\">Lire la suite<\/a><\/p>\n","protected":false},"author":1,"featured_media":0,"parent":0,"menu_order":0,"comment_status":"closed","ping_status":"closed","template":"","meta":[],"_links":{"self":[{"href":"https:\/\/mediasex2020.univ-lille.fr\/index.php?rest_route=\/wp\/v2\/pages\/92"}],"collection":[{"href":"https:\/\/mediasex2020.univ-lille.fr\/index.php?rest_route=\/wp\/v2\/pages"}],"about":[{"href":"https:\/\/mediasex2020.univ-lille.fr\/index.php?rest_route=\/wp\/v2\/types\/page"}],"author":[{"embeddable":true,"href":"https:\/\/mediasex2020.univ-lille.fr\/index.php?rest_route=\/wp\/v2\/users\/1"}],"replies":[{"embeddable":true,"href":"https:\/\/mediasex2020.univ-lille.fr\/index.php?rest_route=%2Fwp%2Fv2%2Fcomments&post=92"}],"version-history":[{"count":59,"href":"https:\/\/mediasex2020.univ-lille.fr\/index.php?rest_route=\/wp\/v2\/pages\/92\/revisions"}],"predecessor-version":[{"id":835,"href":"https:\/\/mediasex2020.univ-lille.fr\/index.php?rest_route=\/wp\/v2\/pages\/92\/revisions\/835"}],"wp:attachment":[{"href":"https:\/\/mediasex2020.univ-lille.fr\/index.php?rest_route=%2Fwp%2Fv2%2Fmedia&parent=92"}],"curies":[{"name":"wp","href":"https:\/\/api.w.org\/{rel}","templated":true}]}}